{"id":33294,"date":"2026-01-22T16:01:12","date_gmt":"2026-01-22T21:01:12","guid":{"rendered":"https:\/\/austinaccidentlawyer.com\/debo-firmar-la-autorizacion-para-la-divulgacion-de-mis-expedientes-medicos-confidenciales\/"},"modified":"2026-01-22T16:01:12","modified_gmt":"2026-01-22T21:01:12","slug":"debo-firmar-la-autorizacion-para-la-divulgacion-de-mis-expedientes-medicos-confidenciales","status":"publish","type":"page","link":"https:\/\/austinaccidentlawyer.com\/es\/debo-firmar-la-autorizacion-para-la-divulgacion-de-mis-expedientes-medicos-confidenciales\/","title":{"rendered":"Debo firmar la autorizaci\u00f3n para la divulgaci\u00f3n de mis expedientes m\u00e9dicos confidenciales?"},"content":{"rendered":"<p>Una de las preguntas m\u00e1s frecuentes que me hacen es: Debo firmar la autorizaci\u00f3n para la divulgaci\u00f3n de historiales m\u00e9dicos que me envi\u00f3 la compa\u00f1\u00eda de seguros?\u00bb.<\/p>\n<p>Observamos que, a menudo, estas autorizaciones son demasiado amplias y otorgan a la compa\u00f1\u00eda de seguros demasiada libertad para examinar su historial m\u00e9dico. Con frecuencia, la compa\u00f1\u00eda de seguros revisar\u00e1 sus registros y luego solicitar\u00e1 a\u00fan m\u00e1s, llegando a tener acceso a 10 o 15 a\u00f1os de su historial m\u00e9dico privado sin que usted lo sepa. A veces, los registros m\u00e9dicos contienen errores (de hecho, es frecuente que contengan errores), por lo que es importante que usted lo sepa antes de que otra persona los vea y que se comunique con el proveedor de atenci\u00f3n m\u00e9dica para corregirlos.  <\/p>\n<p>Recuerde, no van a pagar sus gastos m\u00e9dicos a medida que se presenten. No les interesa ayudarle a recibir m\u00e1s tratamiento para que pueda presentar una reclamaci\u00f3n mayor contra ellos, as\u00ed que lo obligar\u00e1n a tratarse sin su ayuda. Por qu\u00e9, entonces, deber\u00eda darles la oportunidad de reducir el valor de su reclamaci\u00f3n? Recuerde que el <a title=\"Preguntas que debes hacerle al perito de la compa\u00f1\u00eda de seguros.\" href=\"https:\/\/austinaccidentlawyer.com\/injury-tips\/questions-you-should-ask-the-insurance-adjuster\/\">ajustador de seguros<\/a> con el que est\u00e1 \u00abtrabajando\u00bb en la compa\u00f1\u00eda de seguros probablemente sea la misma persona que intentar\u00e1 minimizar su caso y pagar lo menos posible. Es justo? No, pero a la compa\u00f1\u00eda de seguros solo le importa mantener sus gastos bajos, y eso significa pagarle lo m\u00ednimo posible, sin importar a cu\u00e1nto tenga derecho.    <\/p>\n<p>Cuando la compa\u00f1\u00eda de seguros le env\u00ede la autorizaci\u00f3n m\u00e9dica, es posible que tambi\u00e9n incluya otro formulario: un documento de exenci\u00f3n de responsabilidad. Incluso podr\u00edan enviarle un cheque junto con \u00e9l. Tenga en cuenta que, una vez que firme la exenci\u00f3n de responsabilidad general, no habr\u00e1 vuelta atr\u00e1s. Si necesita atenci\u00f3n m\u00e9dica posteriormente o si se descubre alguna lesi\u00f3n no detectada y necesita una operaci\u00f3n o alg\u00fan otro tratamiento en el futuro, la compa\u00f1\u00eda de seguros no lo cubrir\u00e1.   <\/p>\n<p>Le sugerimos que obtenga sus propios registros, se asegure de que sean precisos y luego los env\u00ede a la compa\u00f1\u00eda de seguros.<\/p>\n<p>Seguro que tienes preguntas sobre por d\u00f3nde empezar. Eso no es malo; de hecho, est\u00e1s en una excelente posici\u00f3n ahora que has le\u00eddo este art\u00edculo. Quiero compartir contigo informaci\u00f3n valiosa y completamente gratuita.  <\/p>\n<p>Puede solicitar nuestra gu\u00eda gratuita para el consumidor titulada \u00ab<a title=\"Free Texas Accident Report\" href=\"https:\/\/austinaccidentlawyer.com\/about-us\/free-texas-accident-report\/\">The Seven Deadly Sins That Can Wreck Your Injury Claim<\/a>\u00bb para obtener mas informacion sobre las reclamaciones por lesiones personales en Texas.<\/p>\n<p>Si tienes alguna <a href=\"https:\/\/austinaccidentlawyer.com\/about-us\/contact-us\/\">pregunta para Andrew<\/a>, puedes enviarla de forma confidencial a trav\u00e9s de internet.<\/p>\n","protected":false},"excerpt":{"rendered":"<p>Una de las preguntas m\u00e1s frecuentes que me hacen es: Debo firmar la autorizaci\u00f3n para la divulgaci\u00f3n de historiales m\u00e9dicos que me envi\u00f3 la compa\u00f1\u00eda de seguros?\u00bb. Observamos que, a menudo, estas autorizaciones son demasiado amplias y otorgan a la compa\u00f1\u00eda de seguros demasiada libertad para examinar su historial m\u00e9dico. Con frecuencia, la compa\u00f1\u00eda de&#8230;<\/p>\n","protected":false},"author":2,"featured_media":0,"parent":0,"menu_order":0,"comment_status":"open","ping_status":"closed","template":"","meta":{"_analytify_skip_tracking":false,"footnotes":""},"tags":[],"class_list":[],"_links":{"self":[{"href":"https:\/\/austinaccidentlawyer.com\/es\/wp-json\/wp\/v2\/pages\/33294","targetHints":{"allow":["GET"]}}],"collection":[{"href":"https:\/\/austinaccidentlawyer.com\/es\/wp-json\/wp\/v2\/pages"}],"about":[{"href":"https:\/\/austinaccidentlawyer.com\/es\/wp-json\/wp\/v2\/types\/page"}],"author":[{"embeddable":true,"href":"https:\/\/austinaccidentlawyer.com\/es\/wp-json\/wp\/v2\/users\/2"}],"replies":[{"embeddable":true,"href":"https:\/\/austinaccidentlawyer.com\/es\/wp-json\/wp\/v2\/comments?post=33294"}],"version-history":[{"count":0,"href":"https:\/\/austinaccidentlawyer.com\/es\/wp-json\/wp\/v2\/pages\/33294\/revisions"}],"wp:attachment":[{"href":"https:\/\/austinaccidentlawyer.com\/es\/wp-json\/wp\/v2\/media?parent=33294"}],"wp:term":[{"taxonomy":"post_tag","embeddable":true,"href":"https:\/\/austinaccidentlawyer.com\/es\/wp-json\/wp\/v2\/tags?post=33294"}],"curies":[{"name":"wp","href":"https:\/\/api.w.org\/{rel}","templated":true}]}}