{"id":33306,"date":"2026-01-23T15:32:34","date_gmt":"2026-01-23T20:32:34","guid":{"rendered":"https:\/\/austinaccidentlawyer.com\/nunca-contrates-a-un-abogado-que-se-ponga-en-contacto-contigo-primero\/"},"modified":"2026-01-23T15:32:34","modified_gmt":"2026-01-23T20:32:34","slug":"nunca-contrates-a-un-abogado-que-se-ponga-en-contacto-contigo-primero","status":"publish","type":"page","link":"https:\/\/austinaccidentlawyer.com\/es\/nunca-contrates-a-un-abogado-que-se-ponga-en-contacto-contigo-primero\/","title":{"rendered":"Nunca contrates a un abogado que se ponga en contacto contigo primero."},"content":{"rendered":"<p>En Texas, algunos abogados consiguen clientes enviando a un intermediario para que les ofrezca sus servicios despu\u00e9s de un accidente automovil\u00edstico. En estos casos de lesiones personales, <a title=\"Abogado de Austin especializado en lesiones personales graves\" href=\"https:\/\/austinaccidentlawyer.com\/personal-injury-services\/serious-personal-injury\/\">especialmente despu\u00e9s de un accidente grave,<\/a> lo \u00faltimo que uno desea o necesita es que alguien intente venderle algo. Muchas personas no pueden tomar decisiones adecuadas mientras est\u00e1n a\u00fan conmocionadas o recuper\u00e1ndose de un accidente (por eso los peritos de seguros suelen tomarles declaraci\u00f3n y obtener su consentimiento de inmediato).  <\/p>\n<p>Despu\u00e9s de hablar con muchos clientes a quienes se les acerc\u00f3 en el hospital o en su casa poco despu\u00e9s de un accidente automovil\u00edstico, una persona, generalmente no un abogado, a quien no conoc\u00edan, y que les dijo: \u00abS\u00e9 que ha resultado herido. Deber\u00eda contratar a este abogado especializado en lesiones personales de inmediato\u00bb.<\/p>\n<p>Bueno, esto es totalmente anti-\u00e9tico e ilegal en Texas. Si lo piensas bien, si el abogado que quiere representarte tiene que contratar a alguien para que te busque en el hospital despu\u00e9s de un accidente de coche, qu\u00e9 tan buen abogado puede ser? Qu\u00e9 calidad de servicio puede ofrecer?  <\/p>\n<p>En resumen, si sufre un accidente automovil\u00edstico en Texas y alguien que representa a un abogado especializado en lesiones personales se pone en contacto con usted, debe comunicarse con el Colegio de Abogados del Estado de Texas y presentar una queja. \u00bfPor qu\u00e9? Esto es extremadamente poco \u00e9tico en Texas y adem\u00e1s es ilegal. De hecho, las normas de \u00e9tica proh\u00edben que un abogado se ponga en contacto con usted primero. Por lo tanto, un abogado no puede contactarlo ni siquiera si un amigo suyo lo contrat\u00f3 en el pasado y luego, al enterarse de su accidente, llam\u00f3 a ese abogado para informarle; aun as\u00ed, ese abogado no puede llamarlo, usted debe llamarlo primero.  <\/p>\n<p>Les garantizo que los abogados que tienen que enviar a gente a los hospitales para conseguir clientes no son buenos abogados, y los abogados que se ponen en contacto con usted antes de que usted o su c\u00f3nyuge los contacten suelen estar desesperados. \u00bfPor qu\u00e9 tendr\u00edan que enviar a sus secuaces a su encuentro cuando usted se encuentra en un estado vulnerable? \u00a1B\u00e1sicamente est\u00e1n intentando aprovecharse de usted!  <\/p>\n<p>Para encontrar todas las respuestas a sus preguntas despu\u00e9s de un accidente automovil\u00edstico, le recomendamos solicitar nuestras gu\u00edas gratuitas para el consumidor, como <a title=\"Informe gratuito de accidentes de Texas\" href=\"https:\/\/austinaccidentlawyer.com\/about-us\/free-texas-accident-report\/\">\u00abLos siete errores fatales que pueden arruinar su reclamo por lesiones\u00bb<\/a>, para obtener m\u00e1s informaci\u00f3n sobre las reclamaciones por lesiones personales. Esto le ayudar\u00e1 a resolver muchas de sus dudas y le permitir\u00e1 decidir si necesita o no un abogado especializado en lesiones personales. <\/p>\n<p>Si tienes alguna <a href=\"https:\/\/austinaccidentlawyer.com\/about-us\/contact-us\/\">pregunta para Andrew<\/a>, puedes enviarla de forma confidencial a trav\u00e9s de internet.<\/p>\n","protected":false},"excerpt":{"rendered":"<p>En Texas, algunos abogados consiguen clientes enviando a un intermediario para que les ofrezca sus servicios despu\u00e9s de un accidente automovil\u00edstico. En estos casos de lesiones personales, especialmente despu\u00e9s de un accidente grave, lo \u00faltimo que uno desea o necesita es que alguien intente venderle algo. Muchas personas no pueden tomar decisiones adecuadas mientras est\u00e1n&#8230;<\/p>\n","protected":false},"author":2,"featured_media":0,"parent":0,"menu_order":0,"comment_status":"open","ping_status":"closed","template":"","meta":{"_analytify_skip_tracking":false,"footnotes":""},"tags":[],"class_list":[],"_links":{"self":[{"href":"https:\/\/austinaccidentlawyer.com\/es\/wp-json\/wp\/v2\/pages\/33306","targetHints":{"allow":["GET"]}}],"collection":[{"href":"https:\/\/austinaccidentlawyer.com\/es\/wp-json\/wp\/v2\/pages"}],"about":[{"href":"https:\/\/austinaccidentlawyer.com\/es\/wp-json\/wp\/v2\/types\/page"}],"author":[{"embeddable":true,"href":"https:\/\/austinaccidentlawyer.com\/es\/wp-json\/wp\/v2\/users\/2"}],"replies":[{"embeddable":true,"href":"https:\/\/austinaccidentlawyer.com\/es\/wp-json\/wp\/v2\/comments?post=33306"}],"version-history":[{"count":0,"href":"https:\/\/austinaccidentlawyer.com\/es\/wp-json\/wp\/v2\/pages\/33306\/revisions"}],"wp:attachment":[{"href":"https:\/\/austinaccidentlawyer.com\/es\/wp-json\/wp\/v2\/media?parent=33306"}],"wp:term":[{"taxonomy":"post_tag","embeddable":true,"href":"https:\/\/austinaccidentlawyer.com\/es\/wp-json\/wp\/v2\/tags?post=33306"}],"curies":[{"name":"wp","href":"https:\/\/api.w.org\/{rel}","templated":true}]}}