{"id":34753,"date":"2026-02-27T12:04:06","date_gmt":"2026-02-27T17:04:06","guid":{"rendered":"https:\/\/austinaccidentlawyer.com\/no-cobramos-honorarios-si-no-hay-indemnizacion\/"},"modified":"2026-04-20T16:59:43","modified_gmt":"2026-04-20T21:59:43","slug":"no-cobramos-honorarios-si-no-hay-indemnizacion","status":"publish","type":"page","link":"https:\/\/austinaccidentlawyer.com\/es\/no-cobramos-honorarios-si-no-hay-indemnizacion\/","title":{"rendered":"No cobramos honorarios si no hay indemnizaci\u00f3n"},"content":{"rendered":"\n<h1 class=\"wp-block-heading\">No cobramos honorarios si no hay indemnizaci\u00f3n<\/h1>\n\n<p>Representamos a nuestros clientes de lesiones personales bajo un sistema de \u00abhonorarios de contingencia\u00bb. Esto significa que, si no obtenemos una indemnizaci\u00f3n, usted no paga honorarios. <\/p>\n\n<p>A diferencia de muchos abogados que cobran por hora, nosotros trabajamos bajo un sistema de honorarios de contingencia. Esto significa que usted no paga honorarios hasta que logremos una recuperaci\u00f3n econ\u00f3mica por sus da\u00f1os. El monto de nuestros honorarios consiste en un porcentaje de la indemnizaci\u00f3n obtenida.  <\/p>\n\n<p>Esto significa que usted no nos deber\u00e1 honorarios de abogado hasta que logremos un acuerdo extrajudicial o un veredicto a su favor.<\/p>\n\n<p>En resumen, no cobramos nuestros honorarios ni recuperamos los gastos del caso hasta que este se haya resuelto.<\/p>\n\n<h3 class=\"wp-block-heading\"><strong>Los beneficios de los honorarios de contingencia<\/strong><\/h3>\n<div class=\"wp-block-image\">\n<figure class=\"aligncenter size-large\"><img decoding=\"async\" width=\"1024\" height=\"1024\" src=\"https:\/\/austinaccidentlawyer.com\/wp-content\/uploads\/2011\/04\/contingency-2-1024x1024.jpg\" alt=\"No cobramos honorarios si no hay indemnizaci&#xF3;n\" class=\"wp-image-3645\" srcset=\"https:\/\/austinaccidentlawyer.com\/wp-content\/uploads\/2011\/04\/contingency-2-1024x1024.jpg 1024w, https:\/\/austinaccidentlawyer.com\/wp-content\/uploads\/2011\/04\/contingency-2-300x300.jpg 300w, https:\/\/austinaccidentlawyer.com\/wp-content\/uploads\/2011\/04\/contingency-2-150x150.jpg 150w, https:\/\/austinaccidentlawyer.com\/wp-content\/uploads\/2011\/04\/contingency-2-768x768.jpg 768w, https:\/\/austinaccidentlawyer.com\/wp-content\/uploads\/2011\/04\/contingency-2-1536x1536.jpg 1536w, https:\/\/austinaccidentlawyer.com\/wp-content\/uploads\/2011\/04\/contingency-2-1080x1080.jpg 1080w, https:\/\/austinaccidentlawyer.com\/wp-content\/uploads\/2011\/04\/contingency-2-1280x1280.jpg 1280w, https:\/\/austinaccidentlawyer.com\/wp-content\/uploads\/2011\/04\/contingency-2-980x980.jpg 980w, https:\/\/austinaccidentlawyer.com\/wp-content\/uploads\/2011\/04\/contingency-2-480x480.jpg 480w, https:\/\/austinaccidentlawyer.com\/wp-content\/uploads\/2011\/04\/contingency-2.jpg 1650w\" sizes=\"(max-width: 1024px) 100vw, 1024px\" \/><\/figure>\n<\/div>\n<p>La ventaja principal de los honorarios de contingencia es que permiten que todo el mundo pueda acceder a la representaci\u00f3n legal, incluso aquellas personas que de otro modo no podr\u00edan permitirse pagar a un abogado. Una persona puede presentar una demanda sin tener que pagar por adelantado al abogado. Esto es especialmente importante cuando alguien ha <a href=\"https:\/\/austinaccidentlawyer.com\/practice-areas\/serious-personal-injury\/\">sufrido una lesi\u00f3n grave<\/a> y no puede trabajar, y mucho menos pagar todos los gastos legales. Tambi\u00e9n suele ser ventajoso para las personas con <a href=\"https:\/\/austinaccidentlawyer.com\/practice-areas\/soft-tissue-damage-attorneys\/\">lesiones en tejidos blandos<\/a>, ya que lo importe de la indemnizaci\u00f3n (generalmente) m\u00e1s bajo hace que contratar a un abogado por horas resulte demasiado caro.   <\/p>\n\n<h4 class=\"wp-block-heading\"><strong>El riesgo financiero recae sobre el abogado.<br\/><\/strong><\/h4>\n\n<p>Obviamente, el riesgo que corre el abogado es que, si la persona lesionada no recupera ning\u00fan dinero, el abogado no cobra por el trabajo que ha dedicado a preparar la demanda y a negociar o ir a juicio.<\/p>\n\n<p>Desde una perspectiva empresarial, nos convertimos en socios de usted y de su caso. Por ello, tendemos a ser m\u00e1s selectivos con los procesos que aceptamos. A diferencia de lo que sostienen los mitos sobre la reforma de responsabilidad civil (tort reform), los abogados que trabajamos bajo contingencia no aceptamos casos sin fundamento. La raz\u00f3n es sencilla: solo cobramos si el caso se resuelve o si un jurado otorga una indemnizaci\u00f3n, y un caso sin m\u00e9rito tiene pocas probabilidades de llegar a un acuerdo y muchas de perderse en un juicio.  <\/p>\n\n<p>Dado que tambi\u00e9n estamos invirtiendo nuestro dinero en solicitar informes policiales, llamadas al 911, historiales m\u00e9dicos, pagar los costes de presentar la demanda, declaraciones, honorarios de expertos, etc., tenemos que evaluar seriamente los m\u00e9ritos del posible caso.<\/p>\n\n<p>Dicho de otra forma, solo aceptamos casos donde la persona ha sufrido una lesi\u00f3n y ha recibido atenci\u00f3n m\u00e9dica. Sin embargo, nunca elegimos a nuestros clientes bas\u00e1ndonos \u00fanicamente en el beneficio econ\u00f3mico que el caso prometa; nos enorgullece ser defensores de cualquier persona en nuestra comunidad a la que realmente creamos que podemos ayudar. Adem\u00e1s, nunca alentamos a un cliente a ir a juicio a menos que sea estrictamente necesario. Aunque un abogado de lesiones personales cobra honorarios m\u00e1s altos en un juicio, esto suele significar menos dinero neto para el cliente, una espera mucho m\u00e1s larga y el estr\u00e9s de un proceso judicial. Por otro lado, las aseguradoras suelen ser muy taca\u00f1as y ofrecen montos injustos, por lo que debe estar preparado mentalmente para presentar una demanda si llega a ser necesario     <\/p>\n\n<h4 class=\"wp-block-heading\"><strong>Detalles del c\u00e1lculo generalmente utilizado para los casos con honorarios de contingencia<br\/><\/strong><\/h4>\n\n<p>El porcentaje de los honorarios se calcula sobre el total de la indemnizaci\u00f3n; despu\u00e9s, se recuperan los gastos adelantados por el abogado y se restan los grav\u00e1menes o deudas que el cliente tenga con proveedores m\u00e9dicos, aseguradoras de salud o agencias gubernamentales. Lo que queda es el monto neto para el cliente. Esta cantidad var\u00eda considerablemente en cada caso, dependiendo del monto del acuerdo o sentencia y de las deudas del cliente. El porcentaje de contingencia se establece por contrato y los gastos suelen ser predecibles   <\/p>\n\n<h3 class=\"wp-block-heading\">No cobramos honorarios si no hay indemnizaci\u00f3n<\/h3>\n\n<p>Si no hay indemnizaci\u00f3n, no hay honorarios. Si busca un abogado de lesiones personales que trabaje bajo una cuota de contingencia y ponga sus necesidades como prioridad, cont\u00e1ctenos hoy mismo al (512) 246-9191 o complete el siguiente formulario. Si consideramos que podemos llevar su caso, nosotros iremos a visitarlo para una consulta en Austin, Round Rock, Georgetown o cualquier parte de Texas. Contamos con personal biling\u00fce listo para atenderlo en ingl\u00e9s o espa\u00f1ol.   <\/p>\n","protected":false},"excerpt":{"rendered":"<p>Si aceptamos su caso, tambi\u00e9n aceptamos pagar por adelantado todos los honorarios asociados al mismo, sin esperar que usted nos reembolse, a menos que se llegue a un acuerdo o se dicte una sentencia. \u00a1Nuestros resultados hablan por nosotros! <\/p>\n","protected":false},"author":2,"featured_media":0,"parent":0,"menu_order":0,"comment_status":"open","ping_status":"closed","template":"","meta":{"_analytify_skip_tracking":false,"footnotes":""},"tags":[],"class_list":["post-34753","page","type-page","status-publish","hentry"],"_links":{"self":[{"href":"https:\/\/austinaccidentlawyer.com\/es\/wp-json\/wp\/v2\/pages\/34753","targetHints":{"allow":["GET"]}}],"collection":[{"href":"https:\/\/austinaccidentlawyer.com\/es\/wp-json\/wp\/v2\/pages"}],"about":[{"href":"https:\/\/austinaccidentlawyer.com\/es\/wp-json\/wp\/v2\/types\/page"}],"author":[{"embeddable":true,"href":"https:\/\/austinaccidentlawyer.com\/es\/wp-json\/wp\/v2\/users\/2"}],"replies":[{"embeddable":true,"href":"https:\/\/austinaccidentlawyer.com\/es\/wp-json\/wp\/v2\/comments?post=34753"}],"version-history":[{"count":0,"href":"https:\/\/austinaccidentlawyer.com\/es\/wp-json\/wp\/v2\/pages\/34753\/revisions"}],"wp:attachment":[{"href":"https:\/\/austinaccidentlawyer.com\/es\/wp-json\/wp\/v2\/media?parent=34753"}],"wp:term":[{"taxonomy":"post_tag","embeddable":true,"href":"https:\/\/austinaccidentlawyer.com\/es\/wp-json\/wp\/v2\/tags?post=34753"}],"curies":[{"name":"wp","href":"https:\/\/api.w.org\/{rel}","templated":true}]}}