{"id":34917,"date":"2026-04-16T14:05:18","date_gmt":"2026-04-16T19:05:18","guid":{"rendered":"https:\/\/austinaccidentlawyer.com\/como-determina-su-abogado-la-responsabilidad-en-su-caso-de-accidente\/"},"modified":"2026-04-16T14:05:18","modified_gmt":"2026-04-16T19:05:18","slug":"como-determina-su-abogado-la-responsabilidad-en-su-caso-de-accidente","status":"publish","type":"page","link":"https:\/\/austinaccidentlawyer.com\/es\/como-determina-su-abogado-la-responsabilidad-en-su-caso-de-accidente\/","title":{"rendered":"\u00bfC\u00f3mo determina su abogado la responsabilidad en su caso de accidente?"},"content":{"rendered":"<h1>\u00bfC\u00f3mo determina su abogado la responsabilidad en su caso de accidente?<\/h1>\n\n<p>Antes de llevar su caso a los tribunales, el abogado en su caso de lesiones debe primero determinar la responsabilidad legal. Para que su <a href=\"https:\/\/austinaccidentlawyer.com\/practice-areas\/car-accident-lawyers\/\">abogado de accidentes<\/a> pueda representarlo en un acuerdo o ante un tribunal, \u00e9l o ella debe conocer todos los detalles de su caso. Este art\u00edculo relata c\u00f3mo su abogado determina la responsabilidad en su caso de accidente. Garantice su seguridad, la protecci\u00f3n de sus derechos y el futuro financiero de su familia con el apoyo de un <a href=\"https:\/\/austinaccidentlawyer.com\/es\/\">abogado de lesiones personales en Austin.<\/a>   <\/p>\n\n<figure class=\"wp-block-image size-large\"><img decoding=\"async\" width=\"1024\" height=\"768\" src=\"https:\/\/austinaccidentlawyer.com\/wp-content\/uploads\/2018\/10\/2014-04-21-11.33.57-5-1024x768.jpg\" alt=\"muertes por accidentes de tr&#xE1;fico en Austin\" class=\"wp-image-7022\" srcset=\"https:\/\/austinaccidentlawyer.com\/wp-content\/uploads\/2018\/10\/2014-04-21-11.33.57-5-1024x768.jpg 1024w, https:\/\/austinaccidentlawyer.com\/wp-content\/uploads\/2018\/10\/2014-04-21-11.33.57-5-300x225.jpg 300w, https:\/\/austinaccidentlawyer.com\/wp-content\/uploads\/2018\/10\/2014-04-21-11.33.57-5-768x576.jpg 768w, https:\/\/austinaccidentlawyer.com\/wp-content\/uploads\/2018\/10\/2014-04-21-11.33.57-5-1536x1152.jpg 1536w, https:\/\/austinaccidentlawyer.com\/wp-content\/uploads\/2018\/10\/2014-04-21-11.33.57-5-510x382.jpg 510w, https:\/\/austinaccidentlawyer.com\/wp-content\/uploads\/2018\/10\/2014-04-21-11.33.57-5-1080x810.jpg 1080w, https:\/\/austinaccidentlawyer.com\/wp-content\/uploads\/2018\/10\/2014-04-21-11.33.57-5-1280x960.jpg 1280w, https:\/\/austinaccidentlawyer.com\/wp-content\/uploads\/2018\/10\/2014-04-21-11.33.57-5-980x735.jpg 980w, https:\/\/austinaccidentlawyer.com\/wp-content\/uploads\/2018\/10\/2014-04-21-11.33.57-5-480x360.jpg 480w, https:\/\/austinaccidentlawyer.com\/wp-content\/uploads\/2018\/10\/2014-04-21-11.33.57-5.jpg 1600w\" sizes=\"(max-width: 1024px) 100vw, 1024px\" \/><\/figure>\n\n<p><strong>#1: \u00bfQu\u00e9 pruebas se necesitan para determinar la responsabilidad?<\/strong><br\/>Las pruebas para su caso pueden recopilarse tanto de su m\u00e9dico de cabecera como de los especialistas que le atendieron despu\u00e9s del accidente. Estos registros m\u00e9dicos aclarar\u00e1n si el accidente origin\u00f3 un problema nuevo o si exacerb\u00f3 una afecci\u00f3n de salud preexistente. <\/p>\n\n<p>El <a href=\"https:\/\/austinaccidentlawyer.com\/resources\/guides\/free-texas-accident-report\/\">reporte del accidente<\/a>, las fotos de la escena y los veh\u00edculos involucrados ayudar\u00e1n a esclarecer lo sucedido. Su abogado de accidentes debe llevar a cabo una fase de investigaci\u00f3n para encontrar la informaci\u00f3n necesaria para el caso. El caso en s\u00ed no se reduce a su palabra contra la de la parte culpable; el resultado depender\u00e1 de las pruebas que usted proporcione a su abogado.   <\/p>\n\n<p><strong>#2: No se comunique con nadie<\/strong><\/p>\n\n<p>Un abogado de lesiones personales con experiencia le ayudar\u00e1 con su caso y se encargar\u00e1 de todas las comunicaciones relacionadas con su reclamo. Una vez que se haya retirado de la escena del accidente, debe evitar hablar con la otra persona o con su seguro. La responsabilidad debe determinarse cuidadosamente y tras considerar todas las pruebas. Al hablar con alguien, es posible que usted no presente o no disponga de todos los hechos, y esa persona podr\u00eda convertirse en un testigo m\u00e1s adelante.   <\/p>\n\n<p><strong>#3: No acepte un acuerdo r\u00e1pido<\/strong><\/p>\n\n<p>Un error com\u00fan que vemos es el de personas que se apresuran a liquidar su caso r\u00e1pidamente o que contratan a \u00ababogados de la televisi\u00f3n\u00bb que prometen acuerdos veloces. Estos abogados prometen liquidaciones r\u00e1pidas porque tienen un exceso de clientes. Tener demasiados clientes significa que no pueden dedicarle el tiempo suficiente a ning\u00fan caso en particular. Eso tambi\u00e9n dificulta que los abogados de la televisi\u00f3n lleguen a la instancia de un juicio.   <\/p>\n\n<p>Algunas lesiones simplemente no aparecen de inmediato. Si liquida su caso r\u00e1pidamente, la compa\u00f1\u00eda de seguros se reir\u00e1 a sus espaldas con su dinero. No contrate a abogados de la televisi\u00f3n y no acepte acuerdos apresurados.  <\/p>\n\n<p>A veces, los hechos que le favorecen solo pueden obtenerse una vez que se ha presentado la demanda.<\/p>\n\n<p>Un <a href=\"https:\/\/austinaccidentlawyer.com\/es\/quienes-somos\/\">abogado de accidentes con experiencia<\/a> posee las habilidades necesarias para negociar en su nombre. \u00c9l se asegurar\u00e1 de que usted obtenga un acuerdo justo sin el temor de estar perdiendo dinero. Solo debe aceptar una liquidaci\u00f3n en efectivo cuando tanto usted como su abogado est\u00e9n satisfechos con la oferta presentada.<br\/>Es posible que deba acudir a los tribunales con su abogado si no se le ofrece un acuerdo justo. Ir a juicio significa que la resoluci\u00f3n podr\u00eda tardar m\u00e1s tiempo, pero puede ser su \u00fanica opci\u00f3n. Lamentablemente, algunas compa\u00f1\u00edas de seguros (me refiero a ustedes, <em>Allstate <\/em>y <em>Progressive<\/em>) nunca son razonables.     <\/p>\n\n<p><strong>#4: Sea paciente<\/strong><br\/>Debe tener paciencia con su abogado, ya que este invierte una gran cantidad de tiempo y energ\u00eda en su caso, pero no puede forzar una resoluci\u00f3n de la noche a la ma\u00f1ana. Consulte tambi\u00e9n el punto <em>n\u00famero 3 <\/em>nuevamente. Su caso est\u00e1 en manos de alguien que requiere tiempo para hacer todo estrictamente seg\u00fan las reglas.  <\/p>\n\n<p>Existen normas y procedimientos espec\u00edficos que se deben seguir al demandar por da\u00f1os y perjuicios. Tenga en cuenta que el caso se vuelve m\u00e1s complejo si la demanda es por el fallecimiento de un ser querido. <\/p>\n\n<p><strong>#5: Act\u00fae r\u00e1pido para encontrar a un abogado<\/strong><\/p>\n\n<p>Un abogado de accidentes con experiencia investigar\u00e1 las cuestiones de responsabilidad de inmediato. Es fundamental preservar la evidencia lo antes posible. <\/p>\n\n<p>No puede permitirse esperar mientras sus lesiones empeoran antes de presentar su reclamaci\u00f3n. Su abogado comprende que existe un factor de tiempo en su caso que no puede pasarse por alto. Los tribunales y la parte demandada podr\u00edan acusarle de haber esperado demasiado para interponer la demanda, y es posible que el plazo de prescripci\u00f3n (statute of limitations) de su caso haya expirado. Si deja pasar demasiado tiempo, perder\u00e1 el derecho a reclamar una indemnizaci\u00f3n por da\u00f1os y perjuicios.   <\/p>\n\n<p>Ahora que sabe c\u00f3mo un abogado determina la responsabilidad, contrate a su representante legal en el momento en que sufra la lesi\u00f3n y permita que un abogado capacitado en lesiones personales se haga cargo de su caso. Sus habilidades le guiar\u00e1n hacia una resoluci\u00f3n justa que le otorgue una indemnizaci\u00f3n econ\u00f3mica por su <a href=\"https:\/\/austinaccidentlawyer.com\/faq\/pain-and-suffering\/\">dolor y sufrimiento.<\/a> <\/p>\n","protected":false},"excerpt":{"rendered":"<p>\u00bfC\u00f3mo determina su abogado la responsabilidad en su caso de accidente? Antes de llevar su caso a los tribunales, el abogado en su caso de lesiones debe primero determinar la responsabilidad legal. Para que su abogado de accidentes pueda representarlo en un acuerdo o ante un tribunal, \u00e9l o ella debe conocer todos los detalles&#8230;<\/p>\n","protected":false},"author":2,"featured_media":0,"parent":0,"menu_order":0,"comment_status":"closed","ping_status":"closed","template":"","meta":{"_analytify_skip_tracking":false,"footnotes":""},"tags":[],"class_list":["post-34917","page","type-page","status-publish","hentry"],"_links":{"self":[{"href":"https:\/\/austinaccidentlawyer.com\/es\/wp-json\/wp\/v2\/pages\/34917","targetHints":{"allow":["GET"]}}],"collection":[{"href":"https:\/\/austinaccidentlawyer.com\/es\/wp-json\/wp\/v2\/pages"}],"about":[{"href":"https:\/\/austinaccidentlawyer.com\/es\/wp-json\/wp\/v2\/types\/page"}],"author":[{"embeddable":true,"href":"https:\/\/austinaccidentlawyer.com\/es\/wp-json\/wp\/v2\/users\/2"}],"replies":[{"embeddable":true,"href":"https:\/\/austinaccidentlawyer.com\/es\/wp-json\/wp\/v2\/comments?post=34917"}],"version-history":[{"count":0,"href":"https:\/\/austinaccidentlawyer.com\/es\/wp-json\/wp\/v2\/pages\/34917\/revisions"}],"wp:attachment":[{"href":"https:\/\/austinaccidentlawyer.com\/es\/wp-json\/wp\/v2\/media?parent=34917"}],"wp:term":[{"taxonomy":"post_tag","embeddable":true,"href":"https:\/\/austinaccidentlawyer.com\/es\/wp-json\/wp\/v2\/tags?post=34917"}],"curies":[{"name":"wp","href":"https:\/\/api.w.org\/{rel}","templated":true}]}}