{"id":34922,"date":"2026-04-20T15:09:38","date_gmt":"2026-04-20T20:09:38","guid":{"rendered":"https:\/\/austinaccidentlawyer.com\/free-texas-accident-report\/"},"modified":"2026-04-20T15:09:39","modified_gmt":"2026-04-20T20:09:39","slug":"free-texas-accident-report","status":"publish","type":"page","link":"https:\/\/austinaccidentlawyer.com\/es\/free-texas-accident-report\/","title":{"rendered":"Free Texas Accident Report"},"content":{"rendered":"\n<p>Buscar un <a href=\"https:\/\/austinaccidentlawyer.com\/es\/\">abogado de accidentes en Texas<\/a> puede ser frustrante. Con tantos sitios web de abogados y firmas (sin mencionar los cientos de sitios de referidos que gastan millones para aparecer primero en Google), uno pensar\u00eda que ser\u00eda m\u00e1s f\u00e1cil obtener informaci\u00f3n \u00fatil y real sobre reclamos de accidentes. Casi siempre lo \u00fanico que ofrecen es lo b\u00e1sico: &#8216;Ayude a los heridos&#8217; o &#8216;No hable con nadie m\u00e1s que con la polic\u00eda&#8217;. Mientras los abogados de la televisi\u00f3n gritan: &#8216;\u00a1Contr\u00e1tenos ahora mismo!&#8217;, nosotros decimos: &#8216;\u00bfCu\u00e1l es la prisa?&#8217; Por eso creamos nuestro reporte gratuito de accidentes de Texas, que puede obtener al instante completando el formulario en esta p\u00e1gina.     <\/p>\n<div style=\"--video-image:url(&#039;https:\/\/austinaccidentlawyer.com\/wp-content\/uploads\/2024\/08\/7DeadlySins954x375.png&#039;);\" class=\"video-popup\"><a href=\"https:\/\/youtu.be\/jecGP7hmHP8?si=TsI1KToSzebRzir7\"> <div class=\"play-button-container\">\n            <div class=\"play-button\">\n                <svg>\n                    <title>\n                        Play Button                    <\/title>\n                    <polygon points=\"10 33 10 1 34 17\">\n                        Play Video                    <\/polygon>\n                <\/svg>\n            <\/div>\n        <\/div> <\/a>\n<\/div>\n\n<p>\u00bfBusca respuestas claras? Aqu\u00ed tiene informaci\u00f3n directa sobre:<\/p>\n\n<ol class=\"wp-block-list\">\n<li>T\u00e1cticas de las aseguradoras e <a href=\"https:\/\/austinaccidentlawyer.com\/es\/liquidaciones-de-seguros\/\">indemnizaciones en concepto de seguros<\/a> en Texas<\/li>\n\n\n\n<li>C\u00f3mo encontrar al mejor <a href=\"https:\/\/austinaccidentlawyer.com\/es\/andrew-traub\/\">abogado de accidentes de auto<\/a> en Texas para su caso<\/li>\n\n\n\n<li>\u00bfCu\u00e1ndo es mejor <a href=\"https:\/\/austinaccidentlawyer.com\/contact-attorney-car-accident\/\">NO contratar a un abogado<\/a>?<\/li>\n<\/ol>\n\n<p>Tome en cuenta lo siguiente:<\/p>\n\n<ol class=\"wp-block-list\">\n<li><a href=\"https:\/\/austinaccidentlawyer.com\/practice-areas\/wrongful-death-attorney\/\">Denuncias por Accidentes Automovil\u00edsticos Fatales en Texas<\/a><\/li>\n\n\n\n<li><a href=\"https:\/\/austinaccidentlawyer.com\/faq\/pain-and-suffering\/\">Dolor y el sufrimiento<\/a> causados por su accidente automovil\u00edstico en Texas (nuestras leyes no son las mismas que las de otros estados) <\/li>\n\n\n\n<li>\u00bf<a href=\"https:\/\/austinaccidentlawyer.com\/es\/negligencia\/\">C\u00f3mo se gestionan las denuncias por negligencia<\/a> en Texas?<\/li>\n\n\n\n<li>\u00bfConoce sus derechos?<\/li>\n\n\n\n<li>\u00bfHa perdido trabajo, salario, estudios o incluso su empleo debido al accidente?<\/li>\n\n\n\n<li>\u00bfTiene que reparar o sustituir su carro y pagar\u00e1 el seguro por el alquiler de uno mientras espera?<\/li>\n\n\n\n<li>\u00bfSe pueden calcular el <a href=\"https:\/\/austinaccidentlawyer.com\/faq\/pain-and-suffering\/\">dolor y el sufrimiento<\/a>? \u00bfCu\u00e1l es la indemnizaci\u00f3n justa por una lesi\u00f3n corporal?<\/li>\n\n\n\n<li>\u00bfC\u00f3mo funciona la <a href=\"https:\/\/austinaccidentlawyer.com\/videos\/what-is-subrogation\/\">subrogaci\u00f3n del seguro m\u00e9dico<\/a>?<\/li>\n\n\n\n<li>\u00bfLas <a href=\"https:\/\/austinaccidentlawyer.com\/practice-areas\/soft-tissue-damage-attorneys\/\">indemnizaciones por lesiones cervicales<\/a> tras un accidente de tr\u00e1fico son diferentes de otros acuerdos con las aseguradoras?<\/li>\n\n\n\n<li>\u00bfAumenta mi deducible si el accidente no es mi culpa?<\/li>\n<\/ol>\n\n<p>(Busque en las P\u00e1ginas Amarillas y vea qu\u00e9 otros bufetes de abogados ofrecen ese tipo de informaci\u00f3n, de forma gratuita, sin tener que agendar una cita).<\/p>\n\n<h2 class=\"wp-block-heading\">La Mayor Parte de la Ppublicidad de los Abogados es Bastante In\u00fatil<\/h2>\n\n<p>Lamentablemente, la mayor\u00eda de la publicidad de abogados no hace m\u00e1s que gritar \u00absomos agresivos\u00bb, \u00abnos preocupamos por usted\u00bb o \u00abconsulta gratuita\u00bb (por cierto, \u00bfqu\u00e9 tiene de especial una <a href=\"#contact\">consulta gratuita en un caso de lesiones<\/a>? \u00a1TODO EL MUNDO LO HACE!). Esta falta casi total de informaci\u00f3n \u00fatil es lo que me impuls\u00f3 a escribir este <em>reporte gratuito sobre accidentes en Texas<\/em>: \u00abLos siete pecados capitales que pueden arruinar su caso de accidente automovil\u00edstico\u00bb.<\/p>\n\n<h3 class=\"wp-block-heading\">Antes de contratar a un abogado o hablar con la compa\u00f1\u00eda de seguros, usted deber\u00eda ordenar y leer nuestro reporte gratuito sobre accidentes en Texas.<\/h3>\n\n<p>(no existe obligaci\u00f3n alguna y, obviamente, no se establece una relaci\u00f3n abogado-cliente al solicitar nuestro reporte)<\/p>\n\n<p>Este r<em>eporte gratuito sobre accidentes en Texas<\/em> es <em>muy completo<\/em>. Revisado para 2017, est\u00e1 lleno de informaci\u00f3n \u00fatil. Lo escrib\u00ed porque estaba harto de ver c\u00f3mo las personas le <em>entregaban informaci\u00f3n a la compa\u00f1\u00eda de seguros<\/em> antes de tener acceso a informaci\u00f3n legal s\u00f3lida y de calidad sobre c\u00f3mo se manejan los reclamos por lesiones personales en Texas. Ver\u00e1, con las compa\u00f1\u00edas de seguros, generalmente es una calle de una sola v\u00eda: ellos quieren SU informaci\u00f3n, pero no le dar\u00e1n ninguna informaci\u00f3n \u00fatil ni equilibrada.   <\/p>\n\n<p>Tambi\u00e9n me preocupaba mucho que, para la mayor\u00eda de las personas, este tipo de informaci\u00f3n no estuviera disponible sin tener que llamar a un abogado y programar una cita. Incluso entonces, sent\u00eda que muchos no recib\u00edan o no comprend\u00edan la informaci\u00f3n necesaria para aprender tanto a lidiar con la compa\u00f1\u00eda de seguros <a href=\"https:\/\/austinaccidentlawyer.com\/faq\/how-to-choose-the-right-personal-injury-attorney\/\">como a contratar al abogado adecuado<\/a> para su caso. <\/p>\n\n<p>Por cierto&#8230;<\/p>\n\n<h3 class=\"wp-block-heading\"><em>No<\/em> somos los abogados adecuados para todos los casos<\/h3>\n\n<p>Somos conscientes de que ser\u00eda absurdo intentar llevar cada caso que toca a nuestra puerta, y seremos los primeros en decirle si no somos el bufete indicado para usted. No somos una &#8216;f\u00e1brica&#8217; de pleitos; no nos anunciamos en televisi\u00f3n ni tenemos a decenas de asistentes legales apurando acuerdos para salir del paso. Al contrario, somos muy selectivos con los casos que aceptamos. Somos abogados litigantes de Texas y, al solicitar nuestro libro gratuito, tambi\u00e9n le enviaremos una entrevista en CD con informaci\u00f3n y consejos adicionales.  <\/p>\n\n<p>Aceptamos menos casos porque nuestros abogados prefieren involucrarse directamente en cada uno de ellos. Dicho esto, sigo sintiendo que los consumidores no tienen acceso a suficiente informaci\u00f3n de calidad sobre <strong>los reclamos de accidentes en Texas<\/strong>. Por eso, prepar\u00e9 este libro (junto con otros valiosos reportes gratuitos) bas\u00e1ndome en mis propias batallas contra las compa\u00f1\u00edas de seguros.  <\/p>\n\n<h3 class=\"wp-block-heading\">Lea nuestro libro sin ning\u00fan compromiso legal y aprender\u00e1:<\/h3>\n\n<ul class=\"wp-block-list\">\n<li>Por qu\u00e9 un acuerdo r\u00e1pido puede ser un error GARRAFAL<\/li>\n\n\n\n<li>What \u00abservice\u00bb provided by some lawyers can be catastrophic to your claim (some of our competitors hate this section, but it reveals the truth)<\/li>\n\n\n\n<li>\u00bfQu\u00e9 documento <em>NUNCA DEBE FIRMAR<\/em> ante una compa\u00f1\u00eda de seguros?<\/li>\n\n\n\n<li>C\u00f3mo evitar que su pasado le pase factura, incluso si ha estado involucrado en accidentes anteriores.<\/li>\n\n\n\n<li>C\u00f3mo descubrir si su abogado cuenta con un seguro por mala praxis profesional (no todos lo tienen)<\/li>\n\n\n\n<li>Qu\u00e9 implica <em>realmente<\/em> una demanda (no es un paseo por el campo ni mucho menos una loter\u00eda)<\/li>\n\n\n\n<li>Por qu\u00e9 su abogado de accidentes podr\u00eda necesitar ser un experto en ERISA (haga la prueba: preg\u00fantele a su abogado cu\u00e1ntos casos de ERISA ha llevado personalmente).<\/li>\n\n\n\n<li>Qu\u00e9 <a href=\"https:\/\/austinaccidentlawyer.com\/practice-areas\/no-fees-if-no-recovery\/\">honorarios y costos puede esperar pagar en una demanda<\/a><\/li>\n\n\n\n<li>Qu\u00e9 preguntas hacer para conocer el \u00abhistorial\u00bb de su abogado<\/li>\n\n\n\n<li>Las enormes comisiones que algunos abogados ganan simplemente por anunciarse y luego remitir esos casos a otros bufetes.<\/li>\n\n\n\n<li>C\u00f3mo protegerse incluso si <a href=\"https:\/\/austinaccidentlawyer.com\/practice-areas\/insurance-settlements\/uninsured-and-underinsured-claims\/\">la persona que lo choc\u00f3 no tiene seguro.<\/a><\/li>\n<\/ul>\n\n<h3 class=\"wp-block-heading\">Obtenga el reporte en la puerta de su hogar junto con material exclusivo GRATIS<\/h3>\n\n<p>Si usted estuvo involucrado en un accidente en Texas, nos complacer\u00e1 enviarle por correo nuestro <em>Reporte de Accidentes de Texas gratuito<\/em> (junto con una serie de recursos adicionales sin costo). Puede solicitarlos envi\u00e1ndonos un <a href=\"#contact\">correo electr\u00f3nico<\/a>, <strong>llam\u00e1ndonos al (512) 246-9191<\/strong> o completando el siguiente formulario: <br\/> <\/p>\n\n<h2 class=\"wp-block-heading\">Solicite su Reporte de Accidentes de Texas GRATIS<\/h2>\n\n<p>Accident near? Elsewhere in Texas? Get the report now!  <\/p>\n<div class=\"frm_forms  with_frm_style frm_style_formidable-style\" id=\"frm_form_9_container\" >\n<form enctype=\"multipart\/form-data\" method=\"post\" class=\"frm-show-form  frm_pro_form \" id=\"form_freeinjuryreport\" >\n<div class=\"frm_form_fields \">\n<fieldset>\n<legend class=\"frm_screen_reader\">Free Injury Report<\/legend>\r\n\r\n<div class=\"frm_fields_container\">\n<input type=\"hidden\" name=\"frm_action\" value=\"create\" \/>\n<input type=\"hidden\" name=\"form_id\" value=\"9\" \/>\n<input type=\"hidden\" name=\"frm_hide_fields_9\" id=\"frm_hide_fields_9\" value=\"\" \/>\n<input type=\"hidden\" name=\"form_key\" value=\"freeinjuryreport\" \/>\n<input type=\"hidden\" name=\"item_meta[0]\" value=\"\" \/>\n<input type=\"hidden\" id=\"frm_submit_entry_9\" name=\"frm_submit_entry_9\" value=\"1b724a883a\" \/><input type=\"hidden\" name=\"_wp_http_referer\" value=\"\/es\/wp-json\/wp\/v2\/pages\/34922\" \/><div id=\"frm_field_76_container\" class=\"frm_form_field form-field  frm_required_field frm_top_container frm_inline  frm6 frm_first\">\r\n\t<label for=\"field_p68pd\" id=\"field_p68pd_label\" class=\"frm_primary_label\">First\r\n\t\t<span class=\"frm_required\" aria-hidden=\"true\">*<\/span>\r\n\t<\/label>\r\n\t<input  type=\"text\" id=\"field_p68pd\" name=\"item_meta[76]\" value=\"\"  data-reqmsg=\"First cannot be blank.\" aria-required=\"true\" data-invmsg=\"First is invalid\" aria-invalid=\"false\"   aria-describedby=\"frm_desc_field_p68pd\" \/>\r\n\t<div class=\"frm_description\" id=\"frm_desc_field_p68pd\">First<\/div>\r\n\t\r\n<\/div>\n<div id=\"frm_field_77_container\" class=\"frm_form_field form-field  frm_hidden_container frm_inline frm6\">\r\n\t<label for=\"field_izg7c\" id=\"field_izg7c_label\" class=\"frm_primary_label\">Last\r\n\t\t<span class=\"frm_required\" aria-hidden=\"true\"><\/span>\r\n\t<\/label>\r\n\t<input  type=\"text\" id=\"field_izg7c\" name=\"item_meta[77]\" value=\"\"  data-invmsg=\"Last is invalid\" aria-invalid=\"false\"   aria-describedby=\"frm_desc_field_izg7c\" \/>\r\n\t<div class=\"frm_description\" id=\"frm_desc_field_izg7c\">Last<\/div>\r\n\t\r\n<\/div>\n<div id=\"frm_field_78_container\" class=\"frm_form_field form-field  frm_required_field frm_top_container\">\r\n\t<label for=\"field_svl91\" id=\"field_svl91_label\" class=\"frm_primary_label\">Email\r\n\t\t<span class=\"frm_required\" aria-hidden=\"true\">*<\/span>\r\n\t<\/label>\r\n\t<input type=\"email\" id=\"field_svl91\" name=\"item_meta[78]\" value=\"\"  autocomplete=\"email\"  data-reqmsg=\"Email cannot be blank.\" aria-required=\"true\" data-invmsg=\"Email is invalid\" aria-invalid=\"false\"  \/>\r\n\t\r\n\t\r\n<\/div>\n<div id=\"frm_field_79_container\" class=\"frm_form_field form-field  frm_required_field frm_top_container\">\r\n\t<label for=\"field_n2d6c\" id=\"field_n2d6c_label\" class=\"frm_primary_label\">Phone\r\n\t\t<span class=\"frm_required\" aria-hidden=\"true\">*<\/span>\r\n\t<\/label>\r\n\t<input type=\"tel\" id=\"field_n2d6c\" name=\"item_meta[79]\" value=\"\"  data-frmmask=\"(000) 000-0000\" data-reqmsg=\"Phone cannot be blank.\" aria-required=\"true\" data-invmsg=\"Phone is invalid\" aria-invalid=\"false\" pattern=\"\\(\\d\\d\\d\\) \\d\\d\\d-\\d\\d\\d\\d$\"  \/>\r\n\t\r\n\t\r\n<\/div>\n<div id=\"frm_field_80_container\" class=\"frm_form_field form-field  frm_top_container\">\r\n\t<div  id=\"field_9yxso_label\" class=\"frm_primary_label\">Address\r\n\t\t<span class=\"frm_required\" aria-hidden=\"true\"><\/span>\r\n\t<\/div>\r\n\t<fieldset aria-labelledby=\"field_9yxso_label\">\n<legend class=\"frm_screen_reader frm_hidden\">\n\tAddress<\/legend>\n<div class=\"frm_combo_inputs_container\">\n<div id=\"frm_field_80-line1_container\" class=\"frm_form_field form-field \">\n\t<label for=\"field_9yxso_line1\" class=\"frm_screen_reader frm_hidden\">\n\t\tStreet Address\t<\/label>\n\t\t<input type=\"text\" id=\"field_9yxso_line1\" value=\"\" name=\"item_meta[80][line1]\"  data-invmsg=\"Address no es v\u00e1lido\" aria-invalid=\"false\"   autocomplete=\"address-line1\" \/>\n\t<div class=\"frm_description\">Street Address<\/div><\/div>\n<div id=\"frm_field_80-line2_container\" class=\"frm_form_field form-field \">\n\t<label for=\"field_9yxso_line2\" class=\"frm_screen_reader frm_hidden\">\n\t\tAddress Line 2\t<\/label>\n\t\t<input type=\"text\" id=\"field_9yxso_line2\" value=\"\" name=\"item_meta[80][line2]\"  data-invmsg=\"Address no es v\u00e1lido\" class=\"frm_optional\" aria-invalid=\"false\"   autocomplete=\"address-line2\" \/>\n\t<div class=\"frm_description\">Address Line 2<\/div><\/div>\n<div id=\"frm_field_80-city_container\" class=\"frm_form_field form-field frm_third frm_first\">\n\t<label for=\"field_9yxso_city\" class=\"frm_screen_reader frm_hidden\">\n\t\tCity\t<\/label>\n\t\t<input type=\"text\" id=\"field_9yxso_city\" value=\"Austin\" name=\"item_meta[80][city]\"  data-frmval=\"Austin\" data-invmsg=\"Address no es v\u00e1lido\" aria-invalid=\"false\"   autocomplete=\"address-level2\" \/>\n\t<div class=\"frm_description\">City<\/div><\/div>\n<div id=\"frm_field_80-state_container\" class=\"frm_form_field form-field frm_third\">\n\t<label for=\"field_9yxso_state\" class=\"frm_screen_reader frm_hidden\">\n\t\tState \/ Province\t<\/label>\n\t\t\t<select name=\"item_meta[80][state]\" id=\"field_9yxso_state\"  data-frmval=\"Texas\" data-invmsg=\"Address no es v\u00e1lido\" aria-invalid=\"false\"   autocomplete=\"address-level1\">\n\t\t\t<option value=\"\" class=\"\">\n\t\t\t\t \t\t\t<\/option>\n\t\t\t<option  value=\"Alabama\">Alabama<\/option><option  value=\"Alaska\">Alaska<\/option><option  value=\"Arkansas\">Arkansas<\/option><option  value=\"Arizona\">Arizona<\/option><option  value=\"California\">California<\/option><option  value=\"Colorado\">Colorado<\/option><option  value=\"Connecticut\">Connecticut<\/option><option  value=\"Delaware\">Delaware<\/option><option  value=\"District of Columbia\">District of Columbia<\/option><option  value=\"Florida\">Florida<\/option><option  value=\"Georgia\">Georgia<\/option><option  value=\"Hawaii\">Hawaii<\/option><option  value=\"Idaho\">Idaho<\/option><option  value=\"Illinois\">Illinois<\/option><option  value=\"Indiana\">Indiana<\/option><option  value=\"Iowa\">Iowa<\/option><option  value=\"Kansas\">Kansas<\/option><option  value=\"Kentucky\">Kentucky<\/option><option  value=\"Louisiana\">Louisiana<\/option><option  value=\"Maine\">Maine<\/option><option  value=\"Maryland\">Maryland<\/option><option  value=\"Massachusetts\">Massachusetts<\/option><option  value=\"Michigan\">Michigan<\/option><option  value=\"Minnesota\">Minnesota<\/option><option  value=\"Mississippi\">Mississippi<\/option><option  value=\"Missouri\">Missouri<\/option><option  value=\"Montana\">Montana<\/option><option  value=\"Nebraska\">Nebraska<\/option><option  value=\"Nevada\">Nevada<\/option><option  value=\"New Hampshire\">New Hampshire<\/option><option  value=\"New Jersey\">New Jersey<\/option><option  value=\"New Mexico\">New Mexico<\/option><option  value=\"New York\">New York<\/option><option  value=\"North Carolina\">North Carolina<\/option><option  value=\"North Dakota\">North Dakota<\/option><option  value=\"Ohio\">Ohio<\/option><option  value=\"Oklahoma\">Oklahoma<\/option><option  value=\"Oregon\">Oregon<\/option><option  value=\"Pennsylvania\">Pennsylvania<\/option><option  value=\"Rhode Island\">Rhode Island<\/option><option  value=\"South Carolina\">South Carolina<\/option><option  value=\"South Dakota\">South Dakota<\/option><option  value=\"Tennessee\">Tennessee<\/option><option  value=\"Texas\" selected='selected'>Texas<\/option><option  value=\"Utah\">Utah<\/option><option  value=\"Vermont\">Vermont<\/option><option  value=\"Virginia\">Virginia<\/option><option  value=\"Washington\">Washington<\/option><option  value=\"West Virginia\">West Virginia<\/option><option  value=\"Wisconsin\">Wisconsin<\/option><option  value=\"Wyoming\">Wyoming<\/option>\t\t<\/select>\n\t<div class=\"frm_description\">State \/ Province<\/div><\/div>\n<div id=\"frm_field_80-zip_container\" class=\"frm_form_field form-field frm_third\">\n\t<label for=\"field_9yxso_zip\" class=\"frm_screen_reader frm_hidden\">\n\t\tZIP \/ Postal Code\t<\/label>\n\t\t<input type=\"text\" id=\"field_9yxso_zip\" value=\"\" name=\"item_meta[80][zip]\"  data-invmsg=\"Address no es v\u00e1lido\" aria-invalid=\"false\"   autocomplete=\"postal-code\" \/>\n\t<div class=\"frm_description\">ZIP \/ Postal Code<\/div><\/div>\n<div id=\"frm_field_80-state_abbreviation_container\" class=\"frm_form_field form-field \">\n\t<label for=\"field_9yxso_state_abbreviation\" class=\"frm_screen_reader frm_hidden\">\n\t\tAddress\t<\/label>\n\t\t<input type=\"hidden\" id=\"field_9yxso_state_abbreviation\" value=\"\" name=\"item_meta[80][state_abbreviation]\"  data-invmsg=\"Address no es v\u00e1lido\" class=\"frm_optional\" aria-invalid=\"false\"   \/>\n\t<\/div>\n<\/div>\n<\/fieldset>\n\r\n\t\r\n\t\r\n<\/div>\n<div id=\"frm_field_179_container\" class=\"frm_form_field form-field \">\r\n\t<div class=\"frm_submit frm_flex\">\r\n<button class=\"frm_button_submit frm_final_submit\" type=\"submit\"   formnovalidate=\"formnovalidate\">Request Report<\/button>\r\n\r\n\r\n\r\n<\/div>\r\n<\/div>\n\t<input type=\"hidden\" name=\"item_key\" value=\"\" \/>\n\t\t\t<div id=\"frm_field_252_container\">\n\t\t\t<label for=\"field_o6n9v\" >\n\t\t\t\tSi eres humano, deja este campo en blanco.\t\t\t<\/label>\n\t\t\t<input  id=\"field_o6n9v\" type=\"text\" class=\"frm_form_field form-field frm_verify\" name=\"item_meta[252]\" value=\"\"  \/>\n\t\t<\/div>\n\t\t<style>.frm-abandonment-modal * {\n\tbox-sizing: border-box;\n}\n\n.frm-abandonment-modal {\n\tposition: fixed;\n\ttop: 0;\n\tright: 0;\n\tbottom: 0;\n\tleft: 0;\n\tz-index: 1000;\n\tdisplay: flex;\n\tflex-direction: column;\n\talign-items: center;\n\tvisibility: hidden;\n\toverflow: hidden;\n\topacity: 0;\n\t-webkit-overflow-scrolling: touch;\n}\n\n.frm-abandonment-modal .tingle-modal__close {\n\tdisplay: none;\n}\n\n.frm-abandonment-modal .tingle-modal-box {\n\tposition: relative;\n\tflex-shrink: 0;\n\tmargin-top: auto;\n\tmargin-bottom: auto;\n\tmax-width: 345px;\n\tbackground: #fff;\n\topacity: 1;\n\tcursor: auto;\n\tborder-radius: var(--border-radius);\n\twill-change: transform, opacity;\n\tpadding: 1.5rem;\n\tbox-shadow: 1px 1px 11px 2px rgba(0, 0, 0, 0.2);\n}\n\n.frm-abandonment-modal .tingle-modal-box__content h3{\n\tmargin-top: 0;\n}\n\na.frm-abandonment-close {\n\tposition: absolute;\n\ttop: 10px;\n\tright: 5%;\n\ttext-decoration: none;\n\tcolor: currentColor;\n\topacity: .8;\n\tfont-size: 30px;\n\tfont-weight: 300;\n\tline-height: 21px;\n}\n\n.frm-abandonment-btn-invisible {\n\topacity: 0;\n}\n\n.tingle-enabled {\n\tposition: fixed;\n\tright: 0;\n\tleft: 0;\n\toverflow: hidden;\n}\n\n.frm-abandonment-modal.tingle-modal--visible .tingle-modal-box__footer {\n\tbottom: 0;\n}\n\n.frm-abandonment-modal.tingle-modal--visible {\n\tvisibility: visible;\n\topacity: 1;\n\tbackground: rgba(0, 0, 0, 0.5);\n}\n\n.frm-abandonment-modal.tingle-modal--visible .tingle-modal-box {\n\tanimation: abdn-scale .2s cubic-bezier(.68, -.55, .265, 1.55) forwards;\n}\n\n.tingle-modal--overflow {\n\toverflow-y: scroll;\n\tpadding-top: 8px;\n}\n\n@keyframes abdn-scale {\n\t0% {\n\t\topacity: 0;\n\t\ttransform: scale(.9);\n\t}\n\t100% {\n\t\topacity: 1;\n\t\ttransform: scale(1);\n\t}\n}<\/style><input type=\"hidden\" name=\"auto_save\" value=\"20000\"\/><input name=\"frm_state\" type=\"hidden\" value=\"otsAPYI+6bn4PkkQ2rd2zu3srKgSb4OW7JlC5e5QolX691CV0DhCfwbDOQw1a\/6Y\" \/><\/div>\n<\/fieldset>\n<\/div>\n<script type=\"text\/javascript\">var input = document.createElement('input');\n    input.setAttribute('type', 'hidden');\n    input.setAttribute('name', 'ct_checkjs_frm');\n    input.setAttribute('value', 'f4f7e4e79c25ff0c52f1515d19e10a035c80d36f83f0f3e9f6be3314d72199c9');\n    for (i = 0; i < document.forms.length; i++) {\n        if (typeof document.forms[i].id == 'string'){\n\t\t\tif(document.forms[i].id.search('form_freeinjuryreport') != -1) {\n            document.forms[i].appendChild(input);\n\t\t\t}\n        }\n    }<\/script>\n\n<\/form>\n<\/div>\n","protected":false},"excerpt":{"rendered":"<p>No se apresure. Antes de contactar a la aseguradora o elegir un abogado, inf\u00f3rmese bien. Usted merece saber si es capaz de gestionar su propio caso y conocer exactamente cu\u00e1les son los pasos correctos y los errores fatales que debe evitar en este proceso.<\/p>\n<p>Si decide contratar a un abogado, esta gu\u00eda tambi\u00e9n le ayudar\u00e1 a elegir al indicado. Y lo mejor de todo: \u00a1es totalmente gratis! <\/p>\n","protected":false},"author":2,"featured_media":0,"parent":0,"menu_order":0,"comment_status":"closed","ping_status":"closed","template":"","meta":{"_analytify_skip_tracking":false,"footnotes":""},"tags":[],"class_list":[],"_links":{"self":[{"href":"https:\/\/austinaccidentlawyer.com\/es\/wp-json\/wp\/v2\/pages\/34922","targetHints":{"allow":["GET"]}}],"collection":[{"href":"https:\/\/austinaccidentlawyer.com\/es\/wp-json\/wp\/v2\/pages"}],"about":[{"href":"https:\/\/austinaccidentlawyer.com\/es\/wp-json\/wp\/v2\/types\/page"}],"author":[{"embeddable":true,"href":"https:\/\/austinaccidentlawyer.com\/es\/wp-json\/wp\/v2\/users\/2"}],"replies":[{"embeddable":true,"href":"https:\/\/austinaccidentlawyer.com\/es\/wp-json\/wp\/v2\/comments?post=34922"}],"version-history":[{"count":0,"href":"https:\/\/austinaccidentlawyer.com\/es\/wp-json\/wp\/v2\/pages\/34922\/revisions"}],"wp:attachment":[{"href":"https:\/\/austinaccidentlawyer.com\/es\/wp-json\/wp\/v2\/media?parent=34922"}],"wp:term":[{"taxonomy":"post_tag","embeddable":true,"href":"https:\/\/austinaccidentlawyer.com\/es\/wp-json\/wp\/v2\/tags?post=34922"}],"curies":[{"name":"wp","href":"https:\/\/api.w.org\/{rel}","templated":true}]}}