{"id":34924,"date":"2026-04-20T16:59:17","date_gmt":"2026-04-20T21:59:17","guid":{"rendered":"https:\/\/austinaccidentlawyer.com\/areas-de-practica\/"},"modified":"2026-04-20T16:59:18","modified_gmt":"2026-04-20T21:59:18","slug":"areas-de-practica","status":"publish","type":"page","link":"https:\/\/austinaccidentlawyer.com\/es\/areas-de-practica\/","title":{"rendered":"\u00c1reas de Pr\u00e1ctica"},"content":{"rendered":"\n<h1 class=\"wp-block-heading\">Servicios Legales Integrales de Lesiones Personales<\/h1>\n<section class=\"practiceAreas\">\n<p style=\"text-align: left;\">Bienvenido a The Traub Law Office, donde nos dedicamos a brindar servicios legales integrales a personas que han sufrido lesiones debido a la negligencia o acciones indebidas de otros. Nuestro experimentado equipo de abogados est\u00e1 comprometido con la defensa de sus derechos y con la obtenci\u00f3n de la compensaci\u00f3n que usted merece. A continuaci\u00f3n, encontrar\u00e1 una descripci\u00f3n general de las diversas \u00e1reas de pr\u00e1ctica en las que nos especializamos, cada una dise\u00f1ada para abordar tipos espec\u00edficos de casos de lesiones personales.  <\/p>\n<section class=\"practiceAreas\">\n<p><img decoding=\"async\" width=\"1200\" height=\"808\" class=\"wp-image-29802\" src=\"https:\/\/austinaccidentlawyer.com\/wp-content\/uploads\/2024\/08\/practice-areas-1.webp\" alt=\"La estatua de la Dama de la Justicia sobre el escritorio de un abogado especializado en lesiones personales, que simboliza la equidad y la b\u00fasqueda de la justicia en los asuntos legales.\" srcset=\"https:\/\/austinaccidentlawyer.com\/wp-content\/uploads\/2024\/08\/practice-areas-1.webp 1200w, https:\/\/austinaccidentlawyer.com\/wp-content\/uploads\/2024\/08\/practice-areas-1-300x202.webp 300w, https:\/\/austinaccidentlawyer.com\/wp-content\/uploads\/2024\/08\/practice-areas-1-1024x689.webp 1024w, https:\/\/austinaccidentlawyer.com\/wp-content\/uploads\/2024\/08\/practice-areas-1-768x517.webp 768w\" sizes=\"(max-width: 1200px) 100vw, 1200px\" \/><\/p>\n<\/section>\n<\/section>\n<h2>Accidentes Automovil\u00edsticos<\/h2>\n<p><a href=\"https:\/\/austinaccidentlawyer.com\/es\/areas-de-practica\/abogados-de-accidentes-automovilisticos-en-austin\/\">Abogado de Accidentes Automovil\u00edsticos<\/a> &#8211; Esta categor\u00eda se especializa en la representaci\u00f3n legal de personas involucradas en accidentes de tr\u00e1nsito. Abarca diversas subcategor\u00edas para atender tipos espec\u00edficos de casos de accidentes automovil\u00edsticos. <\/p>\n<ul>\n<li><a href=\"https:\/\/austinaccidentlawyer.com\/practice-areas\/car-accidents\/uber-accidents-lawyer\/\">Abogado de Accidentes en Uber<\/a> &#8211; Se especializa en casos que involucran a Uber u otros servicios de transporte privado (rideshare). Aqu\u00ed se analizan las complejidades de tratar con las empresas de redes de transporte y sus respectivas p\u00f3lizas de seguro. <\/li>\n<li><a href=\"https:\/\/austinaccidentlawyer.com\/es\/areas-de-practica\/abogados-de-accidentes-automovilisticos-en-austin\/accidente-de-conduccion-distraido\/\">Abogado especializado en accidentes por conducci\u00f3n distra\u00edda<\/a> &#8211; se centra en los accidentes causados por la conducci\u00f3n distra\u00edda, como enviar mensajes de texto o utilizar el tel\u00e9fono mientras se conduce. En esta secci\u00f3n se destacan los peligros y las implicaciones legales de la conducci\u00f3n distra\u00edda. <\/li>\n<li><a href=\"https:\/\/austinaccidentlawyer.com\/es\/areas-de-practica\/abogados-de-accidentes-automovilisticos-en-austin\/abogados-de-accidentes-por-conduccion-en-estado-de-ebriedad\/\">Abogado de Accidentes por Conducci\u00f3n en Estado de Ebriedad<\/a> &#8211; Abarca casos relacionados con accidentes causados por conductores ebrios. Aqu\u00ed se analizan las consecuencias legales para el conductor bajo los efectos del alcohol y los derechos que asisten a las v\u00edctimas. <\/li>\n<li><a href=\"https:\/\/austinaccidentlawyer.com\/es\/areas-de-practica\/abogados-de-accidentes-automovilisticos-en-austin\/accidente-de-luz-roja-corriendo\/\">Abogado de Accidentes por Pasarse un Sem\u00e1foro en Rojo<\/a> &#8211; Esta secci\u00f3n se especializa en accidentes causados por conductores que ignoran la luz roja del sem\u00e1foro. Aqu\u00ed se explican las ramificaciones legales y la manera en que las v\u00edctimas pueden solicitar una indemnizaci\u00f3n. <\/li>\n<li><a href=\"https:\/\/austinaccidentlawyer.com\/es\/areas-de-practica\/abogados-de-accidentes-automovilisticos-en-austin\/accidentes-de-tren\/\">Abogado de Accidentes de Tren<\/a> &#8211; Esta secci\u00f3n se enfoca en accidentes que involucran trenes de pasajeros y de carga. Aqu\u00ed se analizan los desaf\u00edos legales particulares de estos casos y la posibilidad de que se produzcan lesiones a gran escala. <\/li>\n<li><a href=\"https:\/\/austinaccidentlawyer.com\/es\/areas-de-practica\/abogados-de-accidentes-automovilisticos-en-austin\/abogados-de-accidentes-de-peatones\/\">Abogado de Accidentes de Peatones<\/a> &#8211; Esta categor\u00eda abarca accidentes en los que se ven involucrados los peatones e incluye diversas subcategor\u00edas para atender tipos espec\u00edficos de accidentes peatonales.\n<ol>\n<li><a href=\"https:\/\/austinaccidentlawyer.com\/practice-areas\/car-accidents\/pedestrian-accidents\/crosswalk-accidents-lawyer\/\">Abogado de Accidentes en Pasos Peatonales<\/a> &#8211; Se especializa en accidentes ocurridos en pasos de cebra o cruces peatonales. Aqu\u00ed se analizan los derechos de los peatones y las responsabilidades de los conductores. <\/li>\n<li><a style=\"font-size: revert;\" href=\"https:\/\/austinaccidentlawyer.com\/practice-areas\/car-accidents\/pedestrian-accidents\/storefront-crashes-lawyer\/\">Abogado de Accidentes por Impacto en Fachadas<\/a> &#8211; Se enfoca en accidentes donde los veh\u00edculos se estrellan contra las fachadas de establecimientos, causando lesiones a peatones y clientes. Aqu\u00ed se analizan la responsabilidad legal y la posible indemnizaci\u00f3n. <\/li>\n<li><a style=\"font-size: revert;\" href=\"https:\/\/austinaccidentlawyer.com\/practice-areas\/car-accidents\/pedestrian-accidents\/bicycle-accidents-lawyer\/\">Abogado de Accidentes de Bicicleta <\/a>&#8211; Esta secci\u00f3n cubre accidentes en los que se ven involucradas las bicicletas. Aqu\u00ed se analizan los derechos de los ciclistas y las responsabilidades legales de los conductores. <\/li>\n<\/ol>\n<\/li>\n<\/ul>\n<section class=\"practiceAreas\">\n<h2>Accidentes de Motocicleta<\/p>\n<\/h2>\n<p style=\"text-align: left;\">Esta categor\u00eda se centra en la representaci\u00f3n legal de las personas involucradas en accidentes de motocicleta. En ella se analizan los riesgos espec\u00edficos y los retos legales a los que se enfrentan los motociclistas. <\/p>\n<p><a href=\"https:\/\/austinaccidentlawyer.com\/es\/areas-de-practica\/abogado-de-accidentes-de-motocicleta-en-austin\/\">Abogado de Accidentes de Motocicleta<br \/><\/a><\/p>\n<\/section>\n<section class=\"practiceAreas\">\n<h2>Accidentes de Camiones<\/h2>\n<p><a href=\"https:\/\/austinaccidentlawyer.com\/es\/areas-de-practica\/abogados-de-accidentes-de-camiones\/\">Abogado de Accidentes de Camiones<\/a> &#8211; Esta categor\u00eda abarca accidentes en los que se ven involucrados camiones de carga pesada e incluye diversas subcategor\u00edas para atender tipos espec\u00edficos de accidentes de camiones. <\/p>\n<ul>\n<li style=\"text-align: left;\"><a href=\"https:\/\/austinaccidentlawyer.com\/es\/areas-de-practica\/abogados-de-accidentes-de-camiones\/abogado-de-accidentes-de-camiones-trailer\/\">Abogado de Accidentes de Camiones de Remolque o tr\u00e1ileres. <\/a>&#8211; Esta se especializa en accidentes que involucran camiones de remolque o tr\u00e1ileres. Aqu\u00ed se analizan las complejidades de tratar con las empresas de transporte de carga y sus respectivas p\u00f3lizas de seguro. <\/li>\n<li style=\"text-align: left;\"><a href=\"https:\/\/austinaccidentlawyer.com\/es\/areas-de-practica\/abogados-de-accidentes-de-camiones\/accidentes-de-vehiculos-comerciales\/\">Abogado de Accidentes de Camiones Comerciales<\/a> &#8211; Esta secci\u00f3n se enfoca en accidentes que involucran veh\u00edculos comerciales. Aqu\u00ed se analizan las implicaciones legales y la posibilidad de que se produzcan lesiones a gran escala. <\/li>\n<li><a href=\"https:\/\/austinaccidentlawyer.com\/practice-areas\/truck-accidents\/delivery-van-accident-lawyer\/\">Abogado de Accidentes de Camiones de Reparto<\/a> &#8211; Se abarca accidentes que involucran camiones de reparto. Aqu\u00ed se analizan las responsabilidades de las empresas de mensajer\u00eda y de sus conductores. <\/li>\n<li><a href=\"https:\/\/austinaccidentlawyer.com\/practice-areas\/truck-accidents\/bus-accidents-lawyer\/\">Abogado de Accidentes de Autob\u00fas<\/a> &#8211; Se especializa en accidentes que involucran autobuses, incluyendo el transporte p\u00fablico y los autobuses escolares. Aqu\u00ed se analizan los desaf\u00edos legales particulares de estos casos y la posibilidad de que se produzcan lesiones a gran escala. <a href=\"https:\/\/austinaccidentlawyer.com\/practice-areas\/truck-accidents\/bus-accidents-lawyer\/\"><br \/><\/a><\/li>\n<li><a href=\"https:\/\/austinaccidentlawyer.com\/practice-areas\/truck-accidents\/fedex-truck-accidents-lawyer\/\">Abogado de Accidentes de Camiones de FedEx <\/a>&#8211; Esta secci\u00f3n se enfoca en accidentes que involucran camiones de FedEx. Aqu\u00ed se analizan las responsabilidades de la empresa y de sus conductores. <\/li>\n<li><a href=\"https:\/\/austinaccidentlawyer.com\/practice-areas\/truck-accidents\/ups-truck-accidents-lawyer\/\">Abogado de Accidentes de Camiones de UPS<\/a> &#8211; Esta secci\u00f3n abarca accidentes que involucran camiones de UPS. Aqu\u00ed se analizan las responsabilidades de la empresa y de sus conductores. <\/li>\n<\/ul>\n<\/section>\n<section class=\"practiceAreas\">\n<h2>Reclamos por Negligencia<\/h2>\n<p><a href=\"https:\/\/austinaccidentlawyer.com\/es\/areas-de-practica\/negligencia\/\">Reclamos por Negligencia<\/a> &#8211; Esta categor\u00eda se enfoca en casos que involucran negligencia, definidos como situaciones en las que la falta de cuidado razonable de una persona resulta en lesiones a otra. Incluye diversas subcategor\u00edas para abordar tipos espec\u00edficos de casos de negligencia. <a href=\"https:\/\/austinaccidentlawyer.com\/es\/areas-de-practica\/negligencia\/\"><br \/><\/a><\/p>\n<ul>\n<li><a href=\"https:\/\/austinaccidentlawyer.com\/es\/areas-de-practica\/negligencia\/lesiones-por-resbalones-y-caidas\/\">Abogado de Lesiones por Resbalones y Ca\u00eddas<\/a> &#8211; Esta secci\u00f3n se especializa en casos relacionados con accidentes por resbalones y ca\u00eddas. Aqu\u00ed se analizan las responsabilidades de los propietarios de inmuebles y los derechos de la parte afectada. <\/li>\n<li><a href=\"https:\/\/austinaccidentlawyer.com\/es\/areas-de-practica\/negligencia\/abogado-de-defectos-de-producto-en-texas\/\">Abogado de Productos Defectuosos<\/a> &#8211; Esta secci\u00f3n se enfoca en lesiones causadas por productos defectuosos. Analizando las responsabilidades de los fabricantes y los derechos de los consumidores. <\/li>\n<li><a href=\"https:\/\/austinaccidentlawyer.com\/es\/areas-de-practica\/negligencia\/reclamaciones-con-seguro-insuficiente-y-sin-seguro\/\">Abogado de Reclamos por Conductores Sin Seguro o con Seguro Insuficiente <\/a>&#8211; Se abarca casos que involucran a conductores que no cuentan con seguro o cuya cobertura es insuficiente. Analizando las opciones legales disponibles para las v\u00edctimas en tales situaciones. <\/li>\n<li><a href=\"https:\/\/austinaccidentlawyer.com\/es\/areas-de-practica\/negligencia\/abogado-de-lesiones-por-mordedura-de-perro\/\">Abogado especializado en ataques de perros<\/a> &#8211; se dedica a casos relacionados con ataques de perros. En esta secci\u00f3n se analizan las responsabilidades de los propietarios de perros y los derechos de la parte perjudicada. <\/li>\n<li><a href=\"https:\/\/austinaccidentlawyer.com\/practice-areas\/negligence\/workplace-injuries-lawyer\/\">Abogado de Lesiones en el Lugar de Trabajo<\/a> &#8211; Esta secci\u00f3n se enfoca en lesiones ocurridas en el entorno laboral. Analizando la compensaci\u00f3n para trabajadores (Worker&#8217;s Compensation) y otras opciones legales disponibles para los empleados que han sufrido un accidente. <\/li>\n<li><a href=\"https:\/\/austinaccidentlawyer.com\/es\/areas-de-practica\/negligencia\/abogado-de-brutalidad-policial\/\">Abogado de Lesiones por Brutalidad Policial<\/a> &#8211; Abarca casos que involucran lesiones causadas por el uso excesivo de la fuerza o brutalidad policial. Analizando los derechos legales de las v\u00edctimas y las responsabilidades de los agentes del orden y las instituciones de seguridad. <\/li>\n<li><a href=\"https:\/\/austinaccidentlawyer.com\/es\/areas-de-practica\/negligencia\/abogado-de-muerte-por-negligencia-muerte-accidental\/\">Wrongful Death Lawyer<\/a> &#8211; Specializes in cases involving wrongful death. This section will discuss the legal options available to the families of victims and the potential for compensation. <\/li>\n<\/ul>\n<h2>C\u00f3mo colaboran nuestros abogados en la recopilaci\u00f3n de pruebas y la negociaci\u00f3n con las aseguradoras<\/h2>\n<p>Despu\u00e9s de un accidente, la recopilaci\u00f3n de pruebas y el trato con las compa\u00f1\u00edas de seguros pueden resultar abrumadores. He aqu\u00ed por qu\u00e9 contar con una representaci\u00f3n legal capacitada puede marcar una diferencia significativa. Un abogado con experiencia ayuda a fortalecer su reclamo y a asegurar el mejor resultado posible a trav\u00e9s de:  <\/p>\n<ul>\n<li>Obtenci\u00f3n de reportes policiales y declaraciones oficiales<\/li>\n<li>Recopilaci\u00f3n y revisi\u00f3n de registros m\u00e9dicos para documentar las lesiones<\/li>\n<li>Recopilaci\u00f3n de informaci\u00f3n de todas las partes involucradas<\/li>\n<li>Entrevistas con testigos para corroborar los hechos<\/li>\n<li>Consulta con expertos cuando sea necesario<\/li>\n<\/ul>\n<p>Nuestros abogados se encargan de las negociaciones con el seguro, garantizando que sus intereses est\u00e9n protegidos y que su caso se maneje con precisi\u00f3n. Perm\u00edtanos gestionar estos pasos cr\u00edticos para que usted pueda enfocarse en su recuperaci\u00f3n, con la tranquilidad de saber que su reclamo est\u00e1 en buenas manos. <\/p>\n<div class=\"html-div xdj266r x14z9mp xat24cr x1lziwak xexx8yu xyri2b x18d9i69 x1c1uobl\" tabindex=\"-1\">\n<h2 class=\"xe0n8xf x12d4x0i x1d5s5ig x1cgcltr xzzxbak\"><b>\u00bfCu\u00e1l es el proceso para presentar un reclamo por lesiones personales?<\/b><\/h2>\n<\/div>\n<div class=\"html-div xdj266r x14z9mp xat24cr x1lziwak xexx8yu xyri2b x18d9i69 x1c1uobl\" tabindex=\"-1\">\n<div class=\"xe0n8xf x12d4x0i x1d5s5ig x1cgcltr xzzxbak\">Despu\u00e9s de un accidente, es natural preguntarse qu\u00e9 sigue. Aunque cada caso es \u00fanico, la mayor\u00eda de los reclamos por lesiones personales siguen una trayectoria similar. Esto es lo que puede esperar:  <\/div>\n<\/div>\n<div class=\"html-div xdj266r x14z9mp xat24cr x1lziwak xexx8yu xyri2b x18d9i69 x1c1uobl\" tabindex=\"-1\">\n<ul>\n<li class=\"xe0n8xf x12d4x0i x1d5s5ig xgwjfdz xmyy1pt x1jdczeh\"><b>Estructuraci\u00f3n de su caso:<\/b> Investigaremos a fondo los detalles de su accidente, recopilando pruebas como reportes policiales, registros m\u00e9dicos y declaraciones de testigos.<\/li>\n<\/ul>\n<\/div>\n<div class=\"html-div xdj266r x14z9mp xat24cr x1lziwak xexx8yu xyri2b x18d9i69 x1c1uobl\" tabindex=\"-1\">\n<ul>\n<li class=\"xe0n8xf x12d4x0i x1d5s5ig xgwjfdz xmyy1pt x1jdczeh\"><b>Negociaci\u00f3n con las aseguradoras:<\/b> Con las pruebas en mano, nos encargaremos de las conversaciones con las compa\u00f1\u00edas de seguros, presionando por un acuerdo justo que cubra sus facturas m\u00e9dicas, salarios perdidos y otros da\u00f1os.<\/li>\n<\/ul>\n<\/div>\n<div class=\"html-div xdj266r x14z9mp xat24cr x1lziwak xexx8yu xyri2b x18d9i69 x1c1uobl\" tabindex=\"-1\">\n<ul>\n<li class=\"xe0n8xf x12d4x0i x1d5s5ig xgwjfdz xmyy1pt x1jdczeh\"><b>Litigio ante los tribunales (de ser necesario):<\/b> Si no se logra un acuerdo justo, estamos preparados para llevar su caso a juicio. Nuestros abogados presentar\u00e1n su caso ante un juez o jurado, luchando por la indemnizaci\u00f3n que usted merece. <\/li>\n<\/ul>\n<\/div>\n<div class=\"html-div xdj266r x14z9mp xat24cr x1lziwak xexx8yu xyri2b x18d9i69 x1c1uobl\" tabindex=\"-1\">\n<div class=\"xe0n8xf x12d4x0i x1d5s5ig x1cgcltr\">A lo largo del proceso, lo mantendremos informado, brind\u00e1ndole orientaci\u00f3n y apoyo en cada paso del camino. De esa manera, usted podr\u00e1 concentrarse en su recuperaci\u00f3n, con la seguridad de que sus derechos est\u00e1n protegidos. <\/div>\n<\/div>\n<\/section>\n\n<h3 class=\"wp-block-heading\">\u00bfCu\u00e1nto cobran por la representaci\u00f3n legal?<\/h3>\n\n<p>En The Traub Law Office, nuestros abogados de lesiones operan bajo un esquema de honorarios de contingencia, lo que significa que usted no tendr\u00e1 que preocuparse por pagar honorarios legales por adelantado. Entendemos que lidiar con una lesi\u00f3n puede ser financieramente estresante, por lo que nuestro objetivo es hacer que nuestros servicios sean lo m\u00e1s accesibles posible. <\/p>\n\n<p>Cuando usted contrata asesor\u00eda legal con The Traub Law Office, no asume ning\u00fan riesgo financiero. Nuestros abogados solo cobran honorarios si resolvemos su caso con \u00e9xito, ya sea a trav\u00e9s de un acuerdo o de un fallo judicial. Esto significa que nuestro pago depende de que ganemos su caso. Si no logramos una recuperaci\u00f3n financiera para usted, no nos debe nada.   <\/p>\n\n<p class=\"has-text-align-left\">En caso de un resultado favorable, nuestros honorarios se deducir\u00e1n del monto del acuerdo o de la sentencia, lo que garantiza que usted no tenga que pagar gastos de su propio bolsillo. Adem\u00e1s, nuestros abogados est\u00e1n a su disposici\u00f3n para analizar las opciones para gestionar las facturas m\u00e9dicas y otros gastos relacionados durante el transcurso de su caso. <\/p>\n\n<p>Al elegir a The Traub Law Office, usted puede concentrarse en su recuperaci\u00f3n mientras nosotros nos encargamos de las complejidades legales, todo sin la carga de costos iniciales ni riesgos financieros.<\/p>\n","protected":false},"excerpt":{"rendered":"<p>Cada a\u00f1o, miles de ciudadanos de Texas resultan heridos porque alguien m\u00e1s no estaba prestando atenci\u00f3n en la carretera. Litigantes experimentados y negociadores h\u00e1biles, los abogados de la firma de lesiones personales de Austin, Texas, The Traub Law Office, reciben con gusto las consultas de personas que enfrentan desaf\u00edos legales <\/p>\n","protected":false},"author":2,"featured_media":29803,"parent":0,"menu_order":0,"comment_status":"open","ping_status":"closed","template":"","meta":{"_analytify_skip_tracking":false,"footnotes":""},"tags":[],"class_list":[],"_links":{"self":[{"href":"https:\/\/austinaccidentlawyer.com\/es\/wp-json\/wp\/v2\/pages\/34924","targetHints":{"allow":["GET"]}}],"collection":[{"href":"https:\/\/austinaccidentlawyer.com\/es\/wp-json\/wp\/v2\/pages"}],"about":[{"href":"https:\/\/austinaccidentlawyer.com\/es\/wp-json\/wp\/v2\/types\/page"}],"author":[{"embeddable":true,"href":"https:\/\/austinaccidentlawyer.com\/es\/wp-json\/wp\/v2\/users\/2"}],"replies":[{"embeddable":true,"href":"https:\/\/austinaccidentlawyer.com\/es\/wp-json\/wp\/v2\/comments?post=34924"}],"version-history":[{"count":0,"href":"https:\/\/austinaccidentlawyer.com\/es\/wp-json\/wp\/v2\/pages\/34924\/revisions"}],"wp:featuredmedia":[{"embeddable":true,"href":"https:\/\/austinaccidentlawyer.com\/es\/wp-json\/wp\/v2\/media\/29803"}],"wp:attachment":[{"href":"https:\/\/austinaccidentlawyer.com\/es\/wp-json\/wp\/v2\/media?parent=34924"}],"wp:term":[{"taxonomy":"post_tag","embeddable":true,"href":"https:\/\/austinaccidentlawyer.com\/es\/wp-json\/wp\/v2\/tags?post=34924"}],"curies":[{"name":"wp","href":"https:\/\/api.w.org\/{rel}","templated":true}]}}