{"id":35151,"date":"2026-04-27T16:53:32","date_gmt":"2026-04-27T21:53:32","guid":{"rendered":"https:\/\/austinaccidentlawyer.com\/areas-de-practica\/abogado-de-accidentes-de-motocicleta-en-austin\/consejos-para-motociclistas\/"},"modified":"2026-05-07T12:20:12","modified_gmt":"2026-05-07T17:20:12","slug":"consejos-para-motociclistas","status":"publish","type":"page","link":"https:\/\/austinaccidentlawyer.com\/es\/areas-de-practica\/abogado-de-accidentes-de-motocicleta-en-austin\/consejos-para-motociclistas\/","title":{"rendered":"Consejos para motociclistas"},"content":{"rendered":"<h1>Consejos para motociclistas<\/h1><\/p>\n<div style=\"--video-image:url(https:\/\/austinaccidentlawyer.com\/wp-content\/uploads\/2025\/08\/Texas_Motorcycle_Crash_Averted_71f2622d-4aae-4e90-8f31-511ac1e78acc.png);\" class=\"video-popup wp-block-rls-video\">\n\t\t\t<a href=\"https:\/\/www.youtube.com\/watch?v=h6pFXjYSxd4\" target=\"_blank\" rel=\"noopener noreferrer\" aria-label=\"Play video\">\n\t\t\t<div class=\"play-button-container\">\n\t\t\t\t<div class=\"play-button\">\n\t\t\t\t\t<svg viewBox=\"0 0 44 44\" xmlns=\"http:\/\/www.w3.org\/2000\/svg\">\n\t\t\t\t\t\t<polygon points=\"10 33 10 1 34 17\"><\/polygon>\n\t\t\t\t\t<\/svg>\n\t\t\t\t<\/div>\n\t\t\t<\/div>\n\t\t<\/a>\n\t<\/div>\n\n<p>El motociclismo no es solo un medio de transporte; es un estilo de vida. La sensaci\u00f3n de libertad al salir a la carretera con el viento en la cara es inigualable; permite conectar con el entorno y sentir cada curva del camino. Sin embargo, esa emoci\u00f3n conlleva una mayor responsabilidad. Las motocicletas, aunque \u00e1giles y divertidas, ofrecen menos protecci\u00f3n que los autom\u00f3viles. Su tama\u00f1o compacto las hace menos visibles, lo que subraya la importancia de una conducci\u00f3n segura y defensiva.     <\/p>\n\n<h2 class=\"wp-block-heading\">La esencia de la seguridad en motocicleta<\/h2>\n\n<p>Aunque conducir una moto ofrece una libertad \u00fanica, es fundamental priorizar la seguridad. Los motociclistas deben estar atentos y vigilar constantemente los posibles peligros. Las principales estrategias para garantizar la seguridad son:  <\/p>\n\n<ul class=\"wp-block-list\">\n<li><strong>Atenci\u00f3n y conducci\u00f3n defensiva:<\/strong> Observe siempre la v\u00eda en busca de obst\u00e1culos o conductores imprudentes. Anticipe las posibles amenazas y planifique una ruta de escape. <\/li>\n\n\n\n<li><strong>Equ\u00edpese: <\/strong>El uso del equipo adecuado puede salvarle la vida. D\u00e9 prioridad a un casco con certificaci\u00f3n del Departamento de Transporte (D.O.T.), as\u00ed como a la ropa, los guantes y las botas de protecci\u00f3n. <\/li>\n\n\n\n<li><strong>Capacitaci\u00f3n:<\/strong> Un curso de seguridad en motocicleta le proporcionar\u00e1 las habilidades necesarias para afrontar situaciones dif\u00edciles en la v\u00eda p\u00fablica.<\/li>\n\n\n\n<li><strong>Conocimiento sobre los accidentes m\u00e1s frecuentes:<\/strong> Comprender los accidentes t\u00edpicos de motocicleta puede ayudarle a evitarlos.<\/li>\n<\/ul>\n\n<h3 class=\"wp-block-heading\">Seguro: su escudo en la carretera<\/h3>\n\n<p>Dada la mayor vulnerabilidad de los motociclistas, el seguro no es solo un requisito; es un salvavidas. <br\/>Es un amortiguador frente a contratiempos inesperados, desde peque\u00f1as abolladuras hasta accidentes graves. <br\/>A continuaci\u00f3n, le presentamos una gu\u00eda b\u00e1sica sobre los seguros para motocicletas:  <\/p>\n\n<ul class=\"wp-block-list\">\n<li><strong>Cobertura para conductores sin seguro o con seguro insuficiente (UM\/UIM):<\/strong> Esta cobertura es sumamente importante. Le protege en caso de que el conductor responsable del accidente no tenga seguro o tenga un seguro insuficiente. Priorice l\u00edmites m\u00e1s altos para contar con una protecci\u00f3n integral.  <\/li>\n\n\n\n<li><strong>Seguro Complementario (Umbrella): <\/strong>Te brinda un nivel extra de respaldo, el cual tambi\u00e9n te protege en caso de accidentes con conductores que no tengan seguro o cuya cobertura sea limitada.<\/li>\n\n\n\n<li><strong>Cobertura adicional por colisi\u00f3n: <\/strong>Las motocicletas, especialmente las personalizadas, pueden ser costosas de reparar. Aseg\u00farese siempre de contar con una cobertura adicional para sus modificaciones y accesorios. <\/li>\n<\/ul>\n\n<p>Los accidentes de motocicleta pueden cambiarle la vida. Por ello, contar con un seguro s\u00f3lido le garantiza recibir una indemnizaci\u00f3n por sus facturas m\u00e9dicas, las reparaciones de su veh\u00edculo y la posible p\u00e9rdida de ingresos. <\/p>\n\n<h3 class=\"wp-block-heading\">Equipo de protecci\u00f3n: La armadura de todo motociclista<\/h3>\n\n<p>Todo viaje, por corto que sea, requiere el uso de equipo apropiado. La \u00abarmadura\u00bb de protecci\u00f3n para todo motociclista consiste en: <\/p>\n\n<ul class=\"wp-block-list\">\n<li><strong>Casco: <\/strong>Elija cascos con certificaci\u00f3n D.O.T. Estos reducen dr\u00e1sticamente el riesgo de sufrir lesiones fatales en la cabeza. <\/li>\n\n\n\n<li><strong>Protecci\u00f3n para la cara y los ojos:<\/strong> le resguarda de los residuos del camino y de los insectos que puedan impactarle.<\/li>\n\n\n\n<li><strong>Vestimenta de protecci\u00f3n:<\/strong> Las piezas de piel o de Kevlar act\u00faan como un escudo que evita heridas profundas durante cualquier percance en la v\u00eda.<\/li>\n\n\n\n<li><strong>Calzado resistente: <\/strong>Opte por botas con punta de acero que brinden soporte y protejan el tobillo.<\/li>\n\n\n\n<li><strong>Conozca su moto:<\/strong> Familiar\u00edcese con las dimensiones y los controles de su motocicleta. Realice inspecciones peri\u00f3dicas para detectar cualquier anomal\u00eda. <\/li>\n<\/ul>\n\n<h3 class=\"wp-block-heading\">M\u00e1s vale prevenir que lamentar<\/h3>\n\n<p>La prevenci\u00f3n de accidentes se basa en la conciencia y la preparaci\u00f3n. Esto es lo que los motociclistas pueden hacer: <\/p>\n\n<ul class=\"wp-block-list\">\n<li><strong>Tome cursos de seguridad:<\/strong> Incluso los conductores experimentados pueden beneficiarse de cursos de actualizaci\u00f3n. Estos ofrecen conocimientos pr\u00e1cticos sobre nuevas t\u00e9cnicas y normas de tr\u00e1nsito. <\/li>\n\n\n\n<li><strong>Identifique los factores de riesgo comunes:<\/strong> Las intersecciones, los cambios de carril, los baches y el exceso de velocidad son algunas de las principales causas de accidentes.<\/li>\n<\/ul>\n\n<h3 class=\"wp-block-heading\">Consejos clave al conducir<\/h3>\n\n<p>Los motociclistas deben cultivar ciertos h\u00e1bitos para garantizar no solo su propia seguridad, sino tambi\u00e9n la de los dem\u00e1s en la v\u00eda.<\/p>\n<div class=\"wp-block-image is-style-default\">\n<figure class=\"aligncenter size-full\"><img decoding=\"async\" width=\"640\" height=\"337\" src=\"https:\/\/austinaccidentlawyer.com\/wp-content\/uploads\/2023\/10\/motorcycle.jpg\" alt=\"Consejos para motociclistas\" class=\"wp-image-27802\" srcset=\"https:\/\/austinaccidentlawyer.com\/wp-content\/uploads\/2023\/10\/motorcycle.jpg 640w, https:\/\/austinaccidentlawyer.com\/wp-content\/uploads\/2023\/10\/motorcycle-300x158.jpg 300w\" sizes=\"(max-width: 640px) 100vw, 640px\" \/><\/figure>\n<\/div>\n<ul class=\"wp-block-list\">\n<li><strong>Mantenga una distancia de seguridad: <\/strong>Esto le brinda el tiempo suficiente para reaccionar ante cualquier imprevisto.<\/li>\n\n\n\n<li><strong>Mant\u00e9ngase visible: <\/strong>Use ropa reflectante y aseg\u00farese de que el faro delantero de su motocicleta funcione correctamente.<\/li>\n\n\n\n<li><strong>Evite distracciones:<\/strong> Mantenga su atenci\u00f3n en la v\u00eda y evite interactuar con conductores err\u00e1ticos.<\/li>\n\n\n\n<li><strong>Mant\u00e9ngase sobrio:<\/strong> El alcohol afecta el juicio y los reflejos. Si bebe, no conduzca. <\/li>\n<\/ul>\n\n<p>Viajar en motocicleta es emocionante, pero la precauci\u00f3n es esencial. Prep\u00e1rese con el conocimiento, el equipo y el seguro adecuados. Y recuerde: en el desafortunado caso de un accidente, le recomendamos consultar con un <a href=\"\/practice-areas\/austin-motorcycle-accident-attorney\/\">abogado experto en accidentes de moto<\/a> para salvaguardar sus derechos legales. \u00a1Viaje con seguridad!   <\/p>\n\n<h2 class=\"wp-block-heading\">Consejos esenciales para el motociclista: Clima, Seguros, Mantenimiento y Almacenamiento<\/h2>\n\n<p>Mantenerse seguro y preparado en la v\u00eda implica comprender c\u00f3mo el clima afecta su conducci\u00f3n, c\u00f3mo se determinan los costos del seguro y c\u00f3mo cuidar adecuadamente su motocicleta. La lluvia, el viento, el calor y el fr\u00edo presentan desaf\u00edos distintos: reduzca la velocidad en carreteras mojadas, mant\u00e9ngase hidratado bajo el calor, use capas de ropa en el fr\u00edo y mantenga un agarre firme ante vientos fuertes. Consulte siempre el pron\u00f3stico del tiempo y use el equipo adecuado para mantenerse c\u00f3modo y alerta.  <\/p>\n\n<p>Los costos del seguro dependen del tipo de motocicleta, su experiencia como conductor, su ubicaci\u00f3n, el kilometraje y las opciones de cobertura elegidas. A menudo, puede ahorrar al completar cursos de seguridad, mantener un historial de conducci\u00f3n limpio, utilizar dispositivos antirrobo, combinar p\u00f3lizas o pagar por adelantado. Comparar cotizaciones y preguntar por los descuentos disponibles le ayudar\u00e1 a obtener una mejor protecci\u00f3n por un menor precio.  <\/p>\n\n<p>Un mantenimiento adecuado garantiza que su motocicleta sea segura y est\u00e9 lista para la carretera. Despu\u00e9s de un periodo de almacenamiento, inspeccione los neum\u00e1ticos, frenos, fluidos, luces, bater\u00eda y controles antes de conducir. Al guardar su moto, l\u00edmpiela a fondo, llene y estabilice el tanque de combustible, d\u00e9 mantenimiento a la bater\u00eda, infle los neum\u00e1ticos, lubrique las piezas m\u00f3viles y mant\u00e9ngala cubierta en un lugar seco y seguro. Por \u00faltimo, aseg\u00farese de contar con la licencia de motocicleta correcta para su estado; es obligatoria, le permite cumplir con la ley e incluso puede reducir el costo de su seguro.   <\/p>\n\n<p><\/p>\n","protected":false},"excerpt":{"rendered":"<p>Consejos para motociclistas El motociclismo no es solo un medio de transporte; es un estilo de vida. La sensaci\u00f3n de libertad al salir a la carretera con el viento en la cara es inigualable; permite conectar con el entorno y sentir cada curva del camino. Sin embargo, esa emoci\u00f3n conlleva una mayor responsabilidad. Las motocicletas,&#8230;<\/p>\n","protected":false},"author":2,"featured_media":27803,"parent":23448,"menu_order":0,"comment_status":"closed","ping_status":"closed","template":"","meta":{"_analytify_skip_tracking":false,"footnotes":""},"tags":[],"class_list":["post-35151","page","type-page","status-publish","has-post-thumbnail","hentry"],"_links":{"self":[{"href":"https:\/\/austinaccidentlawyer.com\/es\/wp-json\/wp\/v2\/pages\/35151","targetHints":{"allow":["GET"]}}],"collection":[{"href":"https:\/\/austinaccidentlawyer.com\/es\/wp-json\/wp\/v2\/pages"}],"about":[{"href":"https:\/\/austinaccidentlawyer.com\/es\/wp-json\/wp\/v2\/types\/page"}],"author":[{"embeddable":true,"href":"https:\/\/austinaccidentlawyer.com\/es\/wp-json\/wp\/v2\/users\/2"}],"replies":[{"embeddable":true,"href":"https:\/\/austinaccidentlawyer.com\/es\/wp-json\/wp\/v2\/comments?post=35151"}],"version-history":[{"count":0,"href":"https:\/\/austinaccidentlawyer.com\/es\/wp-json\/wp\/v2\/pages\/35151\/revisions"}],"up":[{"embeddable":true,"href":"https:\/\/austinaccidentlawyer.com\/es\/wp-json\/wp\/v2\/pages\/23448"}],"wp:featuredmedia":[{"embeddable":true,"href":"https:\/\/austinaccidentlawyer.com\/es\/wp-json\/wp\/v2\/media\/27803"}],"wp:attachment":[{"href":"https:\/\/austinaccidentlawyer.com\/es\/wp-json\/wp\/v2\/media?parent=35151"}],"wp:term":[{"taxonomy":"post_tag","embeddable":true,"href":"https:\/\/austinaccidentlawyer.com\/es\/wp-json\/wp\/v2\/tags?post=35151"}],"curies":[{"name":"wp","href":"https:\/\/api.w.org\/{rel}","templated":true}]}}