{"id":35191,"date":"2026-05-01T13:55:44","date_gmt":"2026-05-01T18:55:44","guid":{"rendered":"https:\/\/austinaccidentlawyer.com\/areas-de-practica\/otras-areas-de-practica-el-enfoque-centrado-en-el-cliente-de-traub-law-office\/"},"modified":"2026-05-01T13:55:44","modified_gmt":"2026-05-01T18:55:44","slug":"otras-areas-de-practica-el-enfoque-centrado-en-el-cliente-de-traub-law-office","status":"publish","type":"page","link":"https:\/\/austinaccidentlawyer.com\/es\/areas-de-practica\/otras-areas-de-practica-el-enfoque-centrado-en-el-cliente-de-traub-law-office\/","title":{"rendered":"Otras \u00e1reas de pr\u00e1ctica: El enfoque centrado en el cliente de Traub Law Office"},"content":{"rendered":"<h1>Otras \u00e1reas de pr\u00e1ctica: el enfoque centrado en el cliente de Traub Law Office<\/h1>\n<div class=\"wp-block-image\">\n<figure class=\"aligncenter size-full\"><img decoding=\"async\" width=\"996\" height=\"664\" src=\"https:\/\/austinaccidentlawyer.com\/wp-content\/uploads\/2024\/03\/image-2.png\" alt=\"Otras especialidades legales de nuestra firma de accidentes en Austin\" class=\"wp-image-29104\" srcset=\"https:\/\/austinaccidentlawyer.com\/wp-content\/uploads\/2024\/03\/image-2.png 996w, https:\/\/austinaccidentlawyer.com\/wp-content\/uploads\/2024\/03\/image-2-300x200.png 300w, https:\/\/austinaccidentlawyer.com\/wp-content\/uploads\/2024\/03\/image-2-768x512.png 768w\" sizes=\"(max-width: 996px) 100vw, 996px\" \/><\/figure>\n<\/div>\n<p>A continuaci\u00f3n, presentamos una lista de otras \u00e1reas de pr\u00e1ctica de accidentes no relacionados con veh\u00edculos motorizados:<\/p>\n\n<ul class=\"wp-block-list\">\n<li><a href=\"https:\/\/austinaccidentlawyer.com\/practice-areas\/austin-slip-and-fall-injury-lawyers\/\" data-type=\"page\" data-id=\"1274\">Accidentes por resbalones y ca\u00eddas <\/a>o tropiezos<\/li>\n\n\n\n<li><a href=\"https:\/\/austinaccidentlawyer.com\/practice-areas\/dog-bite-lawyer-austin\/\" data-type=\"page\" data-id=\"1861\">Lesiones por ataques de perro<\/a><\/li>\n\n\n\n<li><a href=\"https:\/\/austinaccidentlawyer.com\/practice-areas\/injured-on-the-job\/\" data-type=\"page\" data-id=\"8804\">Lesiones laborales:<\/a> \u00bfQu\u00e9 hacer si su empleador no tiene Seguro de Compensaci\u00f3n al Trabajador?<\/li>\n\n\n\n<li><a href=\"https:\/\/austinaccidentlawyer.com\/practice-areas\/product-defect-lawyer\/\" data-type=\"page\" data-id=\"1696\">Productos defectuosos <\/a><\/li>\n\n\n\n<li>Negligencia M\u00e9dica (Mala Pr\u00e1ctica)<\/li>\n\n\n\n<li><a href=\"https:\/\/austinaccidentlawyer.com\/es\/areas-de-practica\/liquidaciones-de-seguros\/\" data-type=\"page\" data-id=\"71\">Disputas con seguros<\/a><\/li>\n\n\n\n<li><a href=\"https:\/\/austinaccidentlawyer.com\/practice-areas\/legal-recourse-for-victims-of-police-brutality-in-austin-texas\/\" data-type=\"page\" data-id=\"27311\">Brutalidad policial<\/a><\/li>\n<\/ul>\n\n<p>Si ha sufrido alguna de estas lesiones, <a href=\"#contact\">cont\u00e1ctenos<\/a> hoy mismo.<\/p>\n\n<h3 class=\"wp-block-heading\">Lesiones por ataques de perro en Austin: Lo que usted debe saber<\/h3>\n\n<p>Si un perro le ha mordido o atacado en Austin, actuar con rapidez es fundamental. Busque atenci\u00f3n m\u00e9dica de inmediato; incluso las heridas peque\u00f1as pueden derivar en infecciones graves o cicatrices permanentes. Adem\u00e1s, reporte el incidente a Control de Animales o a la polic\u00eda local. Esto garantiza que el ataque quede documentado y permite verificar el historial de vacunaci\u00f3n del animal.  <\/p>\n\n<p>El siguiente paso es reunir pruebas: tome fotograf\u00edas de sus lesiones, anote los nombres de los testigos y obtenga la informaci\u00f3n de contacto y del seguro del due\u00f1o del perro. Estas acciones no solo protegen su bienestar, sino que sirven de sustento para cualquier reclamo legal que decida presentar. <\/p>\n\n<p>En Texas, los casos de mordeduras de perro suelen seguir la \u00abregla de la primera mordida\u00bb (one-bite rule). Esto significa que un due\u00f1o puede ser considerado responsable si sab\u00eda, o debi\u00f3 saber, que su perro era peligroso. Sin embargo, incluso si no hay un ataque previo, los due\u00f1os pueden ser responsables si actuaron con negligencia, por ejemplo, al ignorar las leyes de correa o al no mantener el control sobre su mascota. <\/p>\n\n<p>Un abogado especializado en mordeduras de perro puede investigar su caso a fondo, gestionar las comunicaciones con las compa\u00f1\u00edas de seguros y ayudarle a recuperar una compensaci\u00f3n por facturas m\u00e9dicas, p\u00e9rdida de ingresos y angustia emocional. Contar con apoyo legal tambi\u00e9n reduce el estr\u00e9s de los tr\u00e1mites y las negociaciones, permiti\u00e9ndole enfocarse exclusivamente en su recuperaci\u00f3n. <\/p>\n\n<p>Si usted o un ser querido han resultado heridos por un perro, contacte a un abogado local lo antes posible para conocer sus derechos y opciones.<\/p>\n","protected":false},"excerpt":{"rendered":"<p>Otras \u00e1reas de pr\u00e1ctica: el enfoque centrado en el cliente de Traub Law Office A continuaci\u00f3n, presentamos una lista de otras \u00e1reas de pr\u00e1ctica de accidentes no relacionados con veh\u00edculos motorizados: Si ha sufrido alguna de estas lesiones, cont\u00e1ctenos hoy mismo. Lesiones por ataques de perro en Austin: Lo que usted debe saber Si un&#8230;<\/p>\n","protected":false},"author":1,"featured_media":0,"parent":34924,"menu_order":0,"comment_status":"closed","ping_status":"closed","template":"","meta":{"_analytify_skip_tracking":false,"footnotes":""},"tags":[],"class_list":["post-35191","page","type-page","status-publish","hentry"],"_links":{"self":[{"href":"https:\/\/austinaccidentlawyer.com\/es\/wp-json\/wp\/v2\/pages\/35191","targetHints":{"allow":["GET"]}}],"collection":[{"href":"https:\/\/austinaccidentlawyer.com\/es\/wp-json\/wp\/v2\/pages"}],"about":[{"href":"https:\/\/austinaccidentlawyer.com\/es\/wp-json\/wp\/v2\/types\/page"}],"author":[{"embeddable":true,"href":"https:\/\/austinaccidentlawyer.com\/es\/wp-json\/wp\/v2\/users\/1"}],"replies":[{"embeddable":true,"href":"https:\/\/austinaccidentlawyer.com\/es\/wp-json\/wp\/v2\/comments?post=35191"}],"version-history":[{"count":0,"href":"https:\/\/austinaccidentlawyer.com\/es\/wp-json\/wp\/v2\/pages\/35191\/revisions"}],"up":[{"embeddable":true,"href":"https:\/\/austinaccidentlawyer.com\/es\/wp-json\/wp\/v2\/pages\/34924"}],"wp:attachment":[{"href":"https:\/\/austinaccidentlawyer.com\/es\/wp-json\/wp\/v2\/media?parent=35191"}],"wp:term":[{"taxonomy":"post_tag","embeddable":true,"href":"https:\/\/austinaccidentlawyer.com\/es\/wp-json\/wp\/v2\/tags?post=35191"}],"curies":[{"name":"wp","href":"https:\/\/api.w.org\/{rel}","templated":true}]}}